{"id":37231,"date":"2025-11-07T09:31:04","date_gmt":"2025-11-07T09:31:04","guid":{"rendered":"https:\/\/sventasmiskas.lt\/parduotuve\/nakties-gele\/"},"modified":"2026-01-07T18:46:12","modified_gmt":"2026-01-07T18:46:12","slug":"nakties-gele","status":"publish","type":"product","link":"https:\/\/sventasmiskas.lt\/en\/parduotuve\/nakties-gele\/","title":{"rendered":"Nakties g\u0117l\u0117"},"content":{"rendered":"<p>\u269c\ufe0e Vienetinis sidabrinis \u017eiedas su \u0161akeli\u0173 ir lapeli\u0173 pynimu.<\/p>\n<p>\u269c\ufe0e Centre \u2013 m\u0117lynas safyras (~0,30 ct, round mix cut, B 5\/2 SI), \u0161onuose \u2013 du laboratoriniai deimantai (~0,12 ct, E\u2013RW+, VS\u2013SI).<\/p>\n<p>\u269c\ufe0e Pagamintas i\u0161 925 prabos sidabro, svoris \u2013 1,40 g.<\/p>\n<p>\u269c\ufe0e Prabuota Latvijos prabavimo r\u016bmuose, su oficialia etikete.<\/p>\n<p>\u269c\ufe0e \u017diedo dydis 16,5. Gali b\u016bti pritaikytas pagal individual\u0173 pageidavim\u0105.<\/p>\n<p>\u269c\ufe0e Parduodamas supakuotas dovan\u0173 d\u0117\u017eut\u0117je.<\/p>","protected":false},"excerpt":{"rendered":"<p>\u269c\ufe0e Vienetinis sidabrinis \u017eiedas su \u0161akeli\u0173 ir lapeli\u0173 pynimu. \u269c\ufe0e Centre \u2013 m\u0117lynas safyras (~0,30 ct, round mix cut, B<\/p>","protected":false},"featured_media":37229,"template":"","meta":[],"product_brand":[],"product_cat":[124],"product_tag":[],"class_list":{"0":"post-37231","1":"product","2":"type-product","3":"status-publish","4":"has-post-thumbnail","6":"product_cat-ziedai","8":"first","9":"outofstock","10":"taxable","11":"shipping-taxable","12":"purchasable","13":"product-type-simple"},"jetpack_sharing_enabled":true,"_links":{"self":[{"href":"https:\/\/sventasmiskas.lt\/en\/wp-json\/wp\/v2\/product\/37231","targetHints":{"allow":["GET"]}}],"collection":[{"href":"https:\/\/sventasmiskas.lt\/en\/wp-json\/wp\/v2\/product"}],"about":[{"href":"https:\/\/sventasmiskas.lt\/en\/wp-json\/wp\/v2\/types\/product"}],"wp:featuredmedia":[{"embeddable":true,"href":"https:\/\/sventasmiskas.lt\/en\/wp-json\/wp\/v2\/media\/37229"}],"wp:attachment":[{"href":"https:\/\/sventasmiskas.lt\/en\/wp-json\/wp\/v2\/media?parent=37231"}],"wp:term":[{"taxonomy":"product_brand","embeddable":true,"href":"https:\/\/sventasmiskas.lt\/en\/wp-json\/wp\/v2\/product_brand?post=37231"},{"taxonomy":"product_cat","embeddable":true,"href":"https:\/\/sventasmiskas.lt\/en\/wp-json\/wp\/v2\/product_cat?post=37231"},{"taxonomy":"product_tag","embeddable":true,"href":"https:\/\/sventasmiskas.lt\/en\/wp-json\/wp\/v2\/product_tag?post=37231"}],"curies":[{"name":"wp","href":"https:\/\/api.w.org\/{rel}","templated":true}]}}