{"id":37226,"date":"2025-11-07T09:11:50","date_gmt":"2025-11-07T09:11:50","guid":{"rendered":"https:\/\/sventasmiskas.lt\/parduotuve\/misko-rasa-2\/"},"modified":"2025-12-18T11:18:07","modified_gmt":"2025-12-18T11:18:07","slug":"misko-rasa-2","status":"publish","type":"product","link":"https:\/\/sventasmiskas.lt\/en\/parduotuve\/misko-rasa-2\/","title":{"rendered":"Mi\u0161ko rasa"},"content":{"rendered":"<p>\u269c\ufe0e Vienetinis sidabro ir geltono aukso \u017eiedas su organi\u0161ka fakt\u016bra \u2013 sidabro pavir\u0161ius tarsi med\u017eio \u017eiev\u0117 su augaliniais motyvais, centre \u2013 aukse \u012fstatyti akmenys.<\/p>\n<p>\u269c\ufe0e Centre \u2013 1 tsavoritas (~0,35 ct, Au 585 apvade), \u0161onuose \u2013 2 laboratoriniai deimantai (viso ~0,08 ct, E\u2013RW+, VVS\u2013VS).<\/p>\n<p>\u269c\ufe0e \u017diedas pagamintas i\u0161 925 prabos sidabro ir 585 prabos aukso, svoris \u2013 1,89 g.<\/p>\n<p>\u269c\ufe0e Prabuota Latvijos prabavimo r\u016bmuose, su oficialia etikete.<\/p>\n<p>\u269c\ufe0e \u017diedo dydis 16,8. Gali b\u016bti koreguojamas pagal pageidavim\u0105.<\/p>\n<p>\u269c\ufe0e Parduodamas supakuotas dovan\u0173 d\u0117\u017eut\u0117je.<\/p>","protected":false},"excerpt":{"rendered":"<p>\u269c\ufe0e Vienetinis sidabro ir geltono aukso \u017eiedas su organi\u0161ka fakt\u016bra \u2013 sidabro pavir\u0161ius tarsi med\u017eio \u017eiev\u0117 su augaliniais motyvais, centre<\/p>","protected":false},"featured_media":37224,"template":"","meta":[],"product_brand":[],"product_cat":[221,124],"product_tag":[],"class_list":{"0":"post-37226","1":"product","2":"type-product","3":"status-publish","4":"has-post-thumbnail","6":"product_cat-juvelyrika-is-aukso","7":"product_cat-ziedai","9":"first","10":"outofstock","11":"taxable","12":"shipping-taxable","13":"purchasable","14":"product-type-simple"},"jetpack_sharing_enabled":true,"_links":{"self":[{"href":"https:\/\/sventasmiskas.lt\/en\/wp-json\/wp\/v2\/product\/37226","targetHints":{"allow":["GET"]}}],"collection":[{"href":"https:\/\/sventasmiskas.lt\/en\/wp-json\/wp\/v2\/product"}],"about":[{"href":"https:\/\/sventasmiskas.lt\/en\/wp-json\/wp\/v2\/types\/product"}],"wp:featuredmedia":[{"embeddable":true,"href":"https:\/\/sventasmiskas.lt\/en\/wp-json\/wp\/v2\/media\/37224"}],"wp:attachment":[{"href":"https:\/\/sventasmiskas.lt\/en\/wp-json\/wp\/v2\/media?parent=37226"}],"wp:term":[{"taxonomy":"product_brand","embeddable":true,"href":"https:\/\/sventasmiskas.lt\/en\/wp-json\/wp\/v2\/product_brand?post=37226"},{"taxonomy":"product_cat","embeddable":true,"href":"https:\/\/sventasmiskas.lt\/en\/wp-json\/wp\/v2\/product_cat?post=37226"},{"taxonomy":"product_tag","embeddable":true,"href":"https:\/\/sventasmiskas.lt\/en\/wp-json\/wp\/v2\/product_tag?post=37226"}],"curies":[{"name":"wp","href":"https:\/\/api.w.org\/{rel}","templated":true}]}}