{"id":37219,"date":"2025-11-06T12:14:38","date_gmt":"2025-11-06T12:14:38","guid":{"rendered":"https:\/\/sventasmiskas.lt\/parduotuve\/zemes-siluma\/"},"modified":"2026-02-06T17:45:06","modified_gmt":"2026-02-06T17:45:06","slug":"zemes-siluma","status":"publish","type":"product","link":"https:\/\/sventasmiskas.lt\/en\/parduotuve\/zemes-siluma\/","title":{"rendered":"\u017dem\u0117s \u0161iluma"},"content":{"rendered":"<p>\u269c Smulkus sidabro \u017eiedas su nat\u016braliu dvispalviu turmalino akmeniu.<\/p>\n<p>\u269c \u0160io minimalistinio \u017eiedo dizainas primena spygliuo\u010dio augalo \u0161akel\u0119.<\/p>\n<p>\u269c Dydis 17,4. Esant poreikiui \u017eiedo dydis gali b\u016bti kei\u010diamas.<\/p>\n<p>\u269c Prabuota Latvijos prabavimo r\u016bmuose, sidabro praba 925, sveria 1,8g.<\/p>\n<p>\u269c Papuo\u0161alas supakuotas dovan\u0173 d\u0117\u017eut\u0117je.<\/p>","protected":false},"excerpt":{"rendered":"<p>\u269c Smulkus sidabro \u017eiedas su nat\u016braliu dvispalviu turmalino akmeniu. \u269c \u0160io minimalistinio \u017eiedo dizainas primena spygliuo\u010dio augalo \u0161akel\u0119. \u269c Dydis<\/p>","protected":false},"featured_media":37217,"template":"","meta":[],"product_brand":[],"product_cat":[124],"product_tag":[],"class_list":{"0":"post-37219","1":"product","2":"type-product","3":"status-publish","4":"has-post-thumbnail","6":"product_cat-ziedai","8":"first","9":"outofstock","10":"taxable","11":"shipping-taxable","12":"purchasable","13":"product-type-simple"},"jetpack_sharing_enabled":true,"_links":{"self":[{"href":"https:\/\/sventasmiskas.lt\/en\/wp-json\/wp\/v2\/product\/37219","targetHints":{"allow":["GET"]}}],"collection":[{"href":"https:\/\/sventasmiskas.lt\/en\/wp-json\/wp\/v2\/product"}],"about":[{"href":"https:\/\/sventasmiskas.lt\/en\/wp-json\/wp\/v2\/types\/product"}],"wp:featuredmedia":[{"embeddable":true,"href":"https:\/\/sventasmiskas.lt\/en\/wp-json\/wp\/v2\/media\/37217"}],"wp:attachment":[{"href":"https:\/\/sventasmiskas.lt\/en\/wp-json\/wp\/v2\/media?parent=37219"}],"wp:term":[{"taxonomy":"product_brand","embeddable":true,"href":"https:\/\/sventasmiskas.lt\/en\/wp-json\/wp\/v2\/product_brand?post=37219"},{"taxonomy":"product_cat","embeddable":true,"href":"https:\/\/sventasmiskas.lt\/en\/wp-json\/wp\/v2\/product_cat?post=37219"},{"taxonomy":"product_tag","embeddable":true,"href":"https:\/\/sventasmiskas.lt\/en\/wp-json\/wp\/v2\/product_tag?post=37219"}],"curies":[{"name":"wp","href":"https:\/\/api.w.org\/{rel}","templated":true}]}}