{"id":37208,"date":"2025-11-06T11:40:34","date_gmt":"2025-11-06T11:40:34","guid":{"rendered":"https:\/\/sventasmiskas.lt\/parduotuve\/rytmecio-sviesa-2\/"},"modified":"2025-11-06T12:50:53","modified_gmt":"2025-11-06T12:50:53","slug":"rytmecio-sviesa-2","status":"publish","type":"product","link":"https:\/\/sventasmiskas.lt\/en\/parduotuve\/rytmecio-sviesa-2\/","title":{"rendered":"Rytme\u010dio \u0161viesa"},"content":{"rendered":"<p>\u269c\ufe0e Autorinis vienetinis \u017eiedas su gamtos \u012fkv\u0117ptu \u0161akeli\u0173 ir lapeli\u0173 pynimu.<\/p>\n<p>\u269c\ufe0e Centre \u2013 ~0,35 ct laboratorinis \u017ealias deimantas (marquise brilliant cut, VS1), apsuptas 6 baltais nat\u016braliais briliantais (~0,035 ct, RW\u2013W, VS\u2013SI).<\/p>\n<p>\u269c\ufe0e Pagamintas i\u0161 585 prabos geltono aukso, svoris \u2013 2,60 g.<\/p>\n<p>\u269c\ufe0e Prabuota Latvijos prabavimo r\u016bmuose, su oficialia etikete.<\/p>\n<p>\u269c\ufe0e \u017diedo dydis 16,5. Gali b\u016bti koreguojamas.<\/p>","protected":false},"excerpt":{"rendered":"<p>\u269c\ufe0e Autorinis vienetinis \u017eiedas su gamtos \u012fkv\u0117ptu \u0161akeli\u0173 ir lapeli\u0173 pynimu. \u269c\ufe0e Centre \u2013 ~0,35 ct laboratorinis \u017ealias deimantas (marquise<\/p>","protected":false},"featured_media":37205,"template":"","meta":[],"product_brand":[],"product_cat":[124],"product_tag":[],"class_list":{"0":"post-37208","1":"product","2":"type-product","3":"status-publish","4":"has-post-thumbnail","6":"product_cat-ziedai","8":"first","9":"outofstock","10":"taxable","11":"shipping-taxable","12":"purchasable","13":"product-type-simple"},"jetpack_sharing_enabled":true,"_links":{"self":[{"href":"https:\/\/sventasmiskas.lt\/en\/wp-json\/wp\/v2\/product\/37208","targetHints":{"allow":["GET"]}}],"collection":[{"href":"https:\/\/sventasmiskas.lt\/en\/wp-json\/wp\/v2\/product"}],"about":[{"href":"https:\/\/sventasmiskas.lt\/en\/wp-json\/wp\/v2\/types\/product"}],"wp:featuredmedia":[{"embeddable":true,"href":"https:\/\/sventasmiskas.lt\/en\/wp-json\/wp\/v2\/media\/37205"}],"wp:attachment":[{"href":"https:\/\/sventasmiskas.lt\/en\/wp-json\/wp\/v2\/media?parent=37208"}],"wp:term":[{"taxonomy":"product_brand","embeddable":true,"href":"https:\/\/sventasmiskas.lt\/en\/wp-json\/wp\/v2\/product_brand?post=37208"},{"taxonomy":"product_cat","embeddable":true,"href":"https:\/\/sventasmiskas.lt\/en\/wp-json\/wp\/v2\/product_cat?post=37208"},{"taxonomy":"product_tag","embeddable":true,"href":"https:\/\/sventasmiskas.lt\/en\/wp-json\/wp\/v2\/product_tag?post=37208"}],"curies":[{"name":"wp","href":"https:\/\/api.w.org\/{rel}","templated":true}]}}