{"id":36941,"date":"2025-09-16T12:32:05","date_gmt":"2025-09-16T12:32:05","guid":{"rendered":"https:\/\/sventasmiskas.lt\/parduotuve\/amzinybes-zvaigzdes\/"},"modified":"2026-02-27T22:04:01","modified_gmt":"2026-02-27T22:04:01","slug":"amzinybes-zvaigzdes","status":"publish","type":"product","link":"https:\/\/sventasmiskas.lt\/en\/parduotuve\/amzinybes-zvaigzdes\/","title":{"rendered":"Am\u017einyb\u0117s \u017evaig\u017ed\u0117s"},"content":{"rendered":"<p>\u269c\ufe0e Vienetiniai autoriniai auskarai \u201eAm\u017einyb\u0117s \u017evaig\u017ed\u0117s\u201c \u2013 \u0161ird\u017ei\u0173 ir \u017evaig\u017ed\u017ei\u0173 motyvais sukurti auskarai, primenantys senovin\u012f amulet\u0105.<\/p>\n<p>\u269c\ufe0e \u012ekomponuoti 2 deimantai (RBC-57, bendras svoris ~0,03 ct, VS) ir 2 safyrai (apvalus mix cut, bendras svoris ~0,06 ct, VS). Papildomai puo\u0161ia 2 nat\u016bralus opalai.<\/p>\n<p>\u269c\ufe0e Auskarai pagaminti i\u0161 585 prabos raudono aukso, vietomis tamsinto juodu rod\u017eiu. Bendras auskar\u0173 svoris \u2013 6,12 g.<\/p>\n<p>\u269c\ufe0e Prabuota Latvijos prabavimo r\u016bmuose, su oficialia etikete kurioje nurodytos papuo\u0161alo specifikacijos.<\/p>\n<p>\u269c\ufe0e Papuo\u0161alas parduodamas supakuotas dovan\u0173 d\u0117\u017eut\u0117je.<\/p>","protected":false},"excerpt":{"rendered":"<p>\u269c\ufe0e Vienetiniai autoriniai auskarai \u201eAm\u017einyb\u0117s \u017evaig\u017ed\u0117s\u201c \u2013 \u0161ird\u017ei\u0173 ir \u017evaig\u017ed\u017ei\u0173 motyvais sukurti auskarai, primenantys senovin\u012f amulet\u0105. \u269c\ufe0e \u012ekomponuoti 2 deimantai<\/p>","protected":false},"featured_media":36929,"template":"","meta":[],"product_brand":[],"product_cat":[123,221],"product_tag":[],"class_list":{"0":"post-36941","1":"product","2":"type-product","3":"status-publish","4":"has-post-thumbnail","6":"product_cat-auskarai","7":"product_cat-juvelyrika-is-aukso","9":"first","10":"outofstock","11":"taxable","12":"shipping-taxable","13":"purchasable","14":"product-type-simple"},"jetpack_sharing_enabled":true,"_links":{"self":[{"href":"https:\/\/sventasmiskas.lt\/en\/wp-json\/wp\/v2\/product\/36941","targetHints":{"allow":["GET"]}}],"collection":[{"href":"https:\/\/sventasmiskas.lt\/en\/wp-json\/wp\/v2\/product"}],"about":[{"href":"https:\/\/sventasmiskas.lt\/en\/wp-json\/wp\/v2\/types\/product"}],"wp:featuredmedia":[{"embeddable":true,"href":"https:\/\/sventasmiskas.lt\/en\/wp-json\/wp\/v2\/media\/36929"}],"wp:attachment":[{"href":"https:\/\/sventasmiskas.lt\/en\/wp-json\/wp\/v2\/media?parent=36941"}],"wp:term":[{"taxonomy":"product_brand","embeddable":true,"href":"https:\/\/sventasmiskas.lt\/en\/wp-json\/wp\/v2\/product_brand?post=36941"},{"taxonomy":"product_cat","embeddable":true,"href":"https:\/\/sventasmiskas.lt\/en\/wp-json\/wp\/v2\/product_cat?post=36941"},{"taxonomy":"product_tag","embeddable":true,"href":"https:\/\/sventasmiskas.lt\/en\/wp-json\/wp\/v2\/product_tag?post=36941"}],"curies":[{"name":"wp","href":"https:\/\/api.w.org\/{rel}","templated":true}]}}