{"id":36924,"date":"2025-09-16T10:09:08","date_gmt":"2025-09-16T10:09:08","guid":{"rendered":"https:\/\/sventasmiskas.lt\/?post_type=product&#038;p=36924"},"modified":"2025-12-06T14:04:52","modified_gmt":"2025-12-06T14:04:52","slug":"zalia-banga","status":"publish","type":"product","link":"https:\/\/sventasmiskas.lt\/en\/parduotuve\/zalia-banga\/","title":{"rendered":"\u017dalia banga"},"content":{"rendered":"<p><span>\u269c\ufe0e \u0160viesaus sidabro \u017eiedas su chrom diopsido akmeniu.<\/span><br \/>\n<span> \u269c\ufe0e Prabuota Latvijos prabavimo r\u016bmuose, \u017eiedo svoris 1,96 g, sidabro praba 925.<\/p>\n<p>\u269c Papuo\u0161alas parduodamas supakuotas medin\u0117je rank\u0173 darbo dovan\u0173 d\u0117\u017eut\u0117je.<\/span><\/p>","protected":false},"excerpt":{"rendered":"<p>\u269c\ufe0e \u0160viesaus sidabro \u017eiedas su chrom diopsido akmeniu. \u269c\ufe0e Prabuota Latvijos prabavimo r\u016bmuose, \u017eiedo svoris 1,96 g, sidabro praba 925.<\/p>","protected":false},"featured_media":36921,"template":"","meta":[],"product_brand":[],"product_cat":[124],"product_tag":[],"class_list":{"0":"post-36924","1":"product","2":"type-product","3":"status-publish","4":"has-post-thumbnail","6":"product_cat-ziedai","8":"first","9":"outofstock","10":"taxable","11":"shipping-taxable","12":"purchasable","13":"product-type-variable"},"jetpack_sharing_enabled":true,"_links":{"self":[{"href":"https:\/\/sventasmiskas.lt\/en\/wp-json\/wp\/v2\/product\/36924","targetHints":{"allow":["GET"]}}],"collection":[{"href":"https:\/\/sventasmiskas.lt\/en\/wp-json\/wp\/v2\/product"}],"about":[{"href":"https:\/\/sventasmiskas.lt\/en\/wp-json\/wp\/v2\/types\/product"}],"wp:featuredmedia":[{"embeddable":true,"href":"https:\/\/sventasmiskas.lt\/en\/wp-json\/wp\/v2\/media\/36921"}],"wp:attachment":[{"href":"https:\/\/sventasmiskas.lt\/en\/wp-json\/wp\/v2\/media?parent=36924"}],"wp:term":[{"taxonomy":"product_brand","embeddable":true,"href":"https:\/\/sventasmiskas.lt\/en\/wp-json\/wp\/v2\/product_brand?post=36924"},{"taxonomy":"product_cat","embeddable":true,"href":"https:\/\/sventasmiskas.lt\/en\/wp-json\/wp\/v2\/product_cat?post=36924"},{"taxonomy":"product_tag","embeddable":true,"href":"https:\/\/sventasmiskas.lt\/en\/wp-json\/wp\/v2\/product_tag?post=36924"}],"curies":[{"name":"wp","href":"https:\/\/api.w.org\/{rel}","templated":true}]}}