{"id":36910,"date":"2025-09-11T16:02:22","date_gmt":"2025-09-11T16:02:22","guid":{"rendered":"https:\/\/sventasmiskas.lt\/parduotuve\/ugnies-lasas-2\/"},"modified":"2025-12-05T13:40:40","modified_gmt":"2025-12-05T13:40:40","slug":"ugnies-lasas-2","status":"publish","type":"product","link":"https:\/\/sventasmiskas.lt\/en\/parduotuve\/ugnies-lasas-2\/","title":{"rendered":"Ugnies la\u0161as"},"content":{"rendered":"<p>\u269c\ufe0e Autorinis \u017eiedas i\u0161 925 prabos sidabro su 585 prabos geltono aukso detale.<\/p>\n<p>\u269c\ufe0e Centre \u2013 0,45 ct raudonas \/ oran\u017einis safyras (trikampio formos pj\u016bvis, SI), spindintis \u0161iltu ugnies atspalviu.<\/p>\n<p>\u269c\ufe0e \u017diedas sveria 2,22 g, dekoruotas subtiliais med\u017eio ra\u0161tais.<\/p>\n<p>\u269c\ufe0e Prabuota Latvijos prabavimo r\u016bmuose, su oficialia etikete.<\/p>\n<p>\u269c\ufe0e \u017diedo dydis \u2013 16,5. Jei reikalingas kitas dydis \u2013 susisiekite puslapyje nurodytais kontaktais.<\/p>\n<p>\u269c\ufe0e Papuo\u0161alas parduodamas supakuotas dovan\u0173 d\u0117\u017eut\u0117je.<\/p>","protected":false},"excerpt":{"rendered":"<p>\u269c\ufe0e Autorinis \u017eiedas i\u0161 925 prabos sidabro su 585 prabos geltono aukso detale. \u269c\ufe0e Centre \u2013 0,45 ct raudonas \/<\/p>","protected":false},"featured_media":36907,"template":"","meta":[],"product_brand":[],"product_cat":[221,124],"product_tag":[],"class_list":{"0":"post-36910","1":"product","2":"type-product","3":"status-publish","4":"has-post-thumbnail","6":"product_cat-juvelyrika-is-aukso","7":"product_cat-ziedai","9":"first","10":"instock","11":"taxable","12":"shipping-taxable","13":"purchasable","14":"product-type-simple"},"jetpack_sharing_enabled":true,"_links":{"self":[{"href":"https:\/\/sventasmiskas.lt\/en\/wp-json\/wp\/v2\/product\/36910","targetHints":{"allow":["GET"]}}],"collection":[{"href":"https:\/\/sventasmiskas.lt\/en\/wp-json\/wp\/v2\/product"}],"about":[{"href":"https:\/\/sventasmiskas.lt\/en\/wp-json\/wp\/v2\/types\/product"}],"wp:featuredmedia":[{"embeddable":true,"href":"https:\/\/sventasmiskas.lt\/en\/wp-json\/wp\/v2\/media\/36907"}],"wp:attachment":[{"href":"https:\/\/sventasmiskas.lt\/en\/wp-json\/wp\/v2\/media?parent=36910"}],"wp:term":[{"taxonomy":"product_brand","embeddable":true,"href":"https:\/\/sventasmiskas.lt\/en\/wp-json\/wp\/v2\/product_brand?post=36910"},{"taxonomy":"product_cat","embeddable":true,"href":"https:\/\/sventasmiskas.lt\/en\/wp-json\/wp\/v2\/product_cat?post=36910"},{"taxonomy":"product_tag","embeddable":true,"href":"https:\/\/sventasmiskas.lt\/en\/wp-json\/wp\/v2\/product_tag?post=36910"}],"curies":[{"name":"wp","href":"https:\/\/api.w.org\/{rel}","templated":true}]}}