{"id":36905,"date":"2025-09-11T15:46:00","date_gmt":"2025-09-11T15:46:00","guid":{"rendered":"https:\/\/sventasmiskas.lt\/parduotuve\/sviesos-seselis\/"},"modified":"2025-12-09T12:34:58","modified_gmt":"2025-12-09T12:34:58","slug":"sviesos-seselis","status":"publish","type":"product","link":"https:\/\/sventasmiskas.lt\/en\/parduotuve\/sviesos-seselis\/","title":{"rendered":"\u0160viesos \u0161e\u0161\u0117lis"},"content":{"rendered":"<p>\u269c\ufe0e Autorinis \u017eiedas i\u0161 925 prabos sidabro su 585 prabos geltono aukso detale.<\/p>\n<p>\u269c\ufe0e Centre \u2013 0,18 ct deimantas (facetuotas, STW  P3).<\/p>\n<p>\u269c\ufe0e \u017diedas sveria 2,35 g, dekoruotas subtiliais \u0161akel\u0117s ra\u0161to motyvais.<\/p>\n<p>\u269c\ufe0e Prabuota Latvijos prabavimo r\u016bmuose, su oficialia etikete.<\/p>\n<p>\u269c\ufe0e \u017diedo dydis \u2013 17. Jei reikalingas kitas dydis \u2013 susisiekite puslapyje nurodytais kontaktais.<\/p>\n<p>\u269c\ufe0e Papuo\u0161alas parduodamas supakuotas dovan\u0173 d\u0117\u017eut\u0117je.<\/p>","protected":false},"excerpt":{"rendered":"<p>\u269c\ufe0e Autorinis \u017eiedas i\u0161 925 prabos sidabro su 585 prabos geltono aukso detale. \u269c\ufe0e Centre \u2013 0,18 ct deimantas (facetuotas,<\/p>","protected":false},"featured_media":36902,"template":"","meta":[],"product_brand":[],"product_cat":[221,124],"product_tag":[],"class_list":{"0":"post-36905","1":"product","2":"type-product","3":"status-publish","4":"has-post-thumbnail","6":"product_cat-juvelyrika-is-aukso","7":"product_cat-ziedai","9":"first","10":"outofstock","11":"taxable","12":"shipping-taxable","13":"purchasable","14":"product-type-simple"},"jetpack_sharing_enabled":true,"_links":{"self":[{"href":"https:\/\/sventasmiskas.lt\/en\/wp-json\/wp\/v2\/product\/36905","targetHints":{"allow":["GET"]}}],"collection":[{"href":"https:\/\/sventasmiskas.lt\/en\/wp-json\/wp\/v2\/product"}],"about":[{"href":"https:\/\/sventasmiskas.lt\/en\/wp-json\/wp\/v2\/types\/product"}],"wp:featuredmedia":[{"embeddable":true,"href":"https:\/\/sventasmiskas.lt\/en\/wp-json\/wp\/v2\/media\/36902"}],"wp:attachment":[{"href":"https:\/\/sventasmiskas.lt\/en\/wp-json\/wp\/v2\/media?parent=36905"}],"wp:term":[{"taxonomy":"product_brand","embeddable":true,"href":"https:\/\/sventasmiskas.lt\/en\/wp-json\/wp\/v2\/product_brand?post=36905"},{"taxonomy":"product_cat","embeddable":true,"href":"https:\/\/sventasmiskas.lt\/en\/wp-json\/wp\/v2\/product_cat?post=36905"},{"taxonomy":"product_tag","embeddable":true,"href":"https:\/\/sventasmiskas.lt\/en\/wp-json\/wp\/v2\/product_tag?post=36905"}],"curies":[{"name":"wp","href":"https:\/\/api.w.org\/{rel}","templated":true}]}}