{"id":36899,"date":"2025-09-11T15:30:28","date_gmt":"2025-09-11T15:30:28","guid":{"rendered":"https:\/\/sventasmiskas.lt\/parduotuve\/menulio-sviesa-2\/"},"modified":"2025-12-05T13:41:00","modified_gmt":"2025-12-05T13:41:00","slug":"menulio-sviesa-2","status":"publish","type":"product","link":"https:\/\/sventasmiskas.lt\/en\/parduotuve\/menulio-sviesa-2\/","title":{"rendered":"M\u0117nulio \u0161viesa"},"content":{"rendered":"<p>\u269c\ufe0e Autorinis \u017eiedas i\u0161 585 prabos balto aukso, sveria 1,76 g.<\/p>\n<p>\u269c\ufe0e Centre \u2013 auk\u0161tos kokyb\u0117s skaidrus 1,4 ct vaivoryk\u0161tinis m\u0117nulio akmuo (la\u0161o formos), pasi\u017eymintis ry\u0161kiu spalv\u0173 \u017eaismu.<\/p>\n<p>\u269c\ufe0e \u017diedas dekoruotas gamtos \u012fkv\u0117ptu \u0161akeli\u0173 ir lapeli\u0173 dizainu.<\/p>\n<p>\u269c\ufe0e Prabuota Latvijos prabavimo r\u016bmuose.<\/p>\n<p>\u269c\ufe0e \u017diedo dydis \u2013 17. Jei reikalingas kitas dydis \u2013 susisiekite puslapyje nurodytais kontaktais.<\/p>\n<p>\u269c\ufe0e Papuo\u0161alas parduodamas supakuotas dovan\u0173 d\u0117\u017eut\u0117je.<\/p>","protected":false},"excerpt":{"rendered":"<p>\u269c\ufe0e Autorinis \u017eiedas i\u0161 585 prabos balto aukso, sveria 1,76 g. \u269c\ufe0e Centre \u2013 auk\u0161tos kokyb\u0117s skaidrus 1,4 ct vaivoryk\u0161tinis<\/p>","protected":false},"featured_media":36895,"template":"","meta":[],"product_brand":[],"product_cat":[221,124],"product_tag":[],"class_list":{"0":"post-36899","1":"product","2":"type-product","3":"status-publish","4":"has-post-thumbnail","6":"product_cat-juvelyrika-is-aukso","7":"product_cat-ziedai","9":"first","10":"instock","11":"taxable","12":"shipping-taxable","13":"purchasable","14":"product-type-simple"},"jetpack_sharing_enabled":true,"_links":{"self":[{"href":"https:\/\/sventasmiskas.lt\/en\/wp-json\/wp\/v2\/product\/36899","targetHints":{"allow":["GET"]}}],"collection":[{"href":"https:\/\/sventasmiskas.lt\/en\/wp-json\/wp\/v2\/product"}],"about":[{"href":"https:\/\/sventasmiskas.lt\/en\/wp-json\/wp\/v2\/types\/product"}],"wp:featuredmedia":[{"embeddable":true,"href":"https:\/\/sventasmiskas.lt\/en\/wp-json\/wp\/v2\/media\/36895"}],"wp:attachment":[{"href":"https:\/\/sventasmiskas.lt\/en\/wp-json\/wp\/v2\/media?parent=36899"}],"wp:term":[{"taxonomy":"product_brand","embeddable":true,"href":"https:\/\/sventasmiskas.lt\/en\/wp-json\/wp\/v2\/product_brand?post=36899"},{"taxonomy":"product_cat","embeddable":true,"href":"https:\/\/sventasmiskas.lt\/en\/wp-json\/wp\/v2\/product_cat?post=36899"},{"taxonomy":"product_tag","embeddable":true,"href":"https:\/\/sventasmiskas.lt\/en\/wp-json\/wp\/v2\/product_tag?post=36899"}],"curies":[{"name":"wp","href":"https:\/\/api.w.org\/{rel}","templated":true}]}}