{"id":36886,"date":"2025-09-11T15:11:55","date_gmt":"2025-09-11T15:11:55","guid":{"rendered":"https:\/\/sventasmiskas.lt\/parduotuve\/sviesos-tyla\/"},"modified":"2026-03-04T11:35:05","modified_gmt":"2026-03-04T11:35:05","slug":"sviesos-tyla","status":"publish","type":"product","link":"https:\/\/sventasmiskas.lt\/en\/parduotuve\/sviesos-tyla\/","title":{"rendered":"\u0160viesos tyla"},"content":{"rendered":"<p>\u269c\ufe0e Autorinis \u017eiedas su subtiliu gamtos \u012fkv\u0117ptu \u0161akeli\u0173 ir lapeli\u0173 dizainu.<\/p>\n<p>\u269c\ufe0e Centre \u2013 0,35 ct deimantas (marquise cut, SI), \u0161onuose \u2013 2 briliantai, bendras svoris 0,08 ct (VS\u2013SI).<\/p>\n<p>\u269c\ufe0e \u017diedas pagamintas i\u0161 585 prabos geltono aukso, sveria 2,27 g. Prabuota Latvijos prabavimo r\u016bmuose, su oficialia etikete.<\/p>\n<p>\u269c\ufe0e \u017diedo dydis \u2013 17,2. Jei reikalingas kitas dydis \u2013 susisiekite puslapyje nurodytais kontaktais.<\/p>\n<p>\u269c\ufe0e Papuo\u0161alas parduodamas supakuotas dovan\u0173 d\u0117\u017eut\u0117je.<\/p>","protected":false},"excerpt":{"rendered":"<p>\u269c\ufe0e Autorinis \u017eiedas su subtiliu gamtos \u012fkv\u0117ptu \u0161akeli\u0173 ir lapeli\u0173 dizainu. \u269c\ufe0e Centre \u2013 0,35 ct deimantas (marquise cut, SI),<\/p>","protected":false},"featured_media":36882,"template":"","meta":[],"product_brand":[],"product_cat":[221,124],"product_tag":[],"class_list":{"0":"post-36886","1":"product","2":"type-product","3":"status-publish","4":"has-post-thumbnail","6":"product_cat-juvelyrika-is-aukso","7":"product_cat-ziedai","9":"first","10":"outofstock","11":"taxable","12":"shipping-taxable","13":"purchasable","14":"product-type-simple"},"jetpack_sharing_enabled":true,"_links":{"self":[{"href":"https:\/\/sventasmiskas.lt\/en\/wp-json\/wp\/v2\/product\/36886","targetHints":{"allow":["GET"]}}],"collection":[{"href":"https:\/\/sventasmiskas.lt\/en\/wp-json\/wp\/v2\/product"}],"about":[{"href":"https:\/\/sventasmiskas.lt\/en\/wp-json\/wp\/v2\/types\/product"}],"wp:featuredmedia":[{"embeddable":true,"href":"https:\/\/sventasmiskas.lt\/en\/wp-json\/wp\/v2\/media\/36882"}],"wp:attachment":[{"href":"https:\/\/sventasmiskas.lt\/en\/wp-json\/wp\/v2\/media?parent=36886"}],"wp:term":[{"taxonomy":"product_brand","embeddable":true,"href":"https:\/\/sventasmiskas.lt\/en\/wp-json\/wp\/v2\/product_brand?post=36886"},{"taxonomy":"product_cat","embeddable":true,"href":"https:\/\/sventasmiskas.lt\/en\/wp-json\/wp\/v2\/product_cat?post=36886"},{"taxonomy":"product_tag","embeddable":true,"href":"https:\/\/sventasmiskas.lt\/en\/wp-json\/wp\/v2\/product_tag?post=36886"}],"curies":[{"name":"wp","href":"https:\/\/api.w.org\/{rel}","templated":true}]}}