{"id":36878,"date":"2025-09-11T14:49:45","date_gmt":"2025-09-11T14:49:45","guid":{"rendered":"https:\/\/sventasmiskas.lt\/parduotuve\/misko-rasa\/"},"modified":"2025-10-28T19:34:29","modified_gmt":"2025-10-28T19:34:29","slug":"misko-rasa","status":"publish","type":"product","link":"https:\/\/sventasmiskas.lt\/en\/parduotuve\/misko-rasa\/","title":{"rendered":"Mi\u0161ko rasa"},"content":{"rendered":"<p>\u269c\ufe0e Autorinis \u017eiedas su gamtos \u012fkv\u0117ptu \u0161akeli\u0173 ir lapeli\u0173 dizainu.<\/p>\n<p>\u269c\ufe0e Centre \u2013 0,45 ct laboratorijoje i\u0161augintas \u017ealias deimantas (la\u0161o formos, VVS \u0161varumo).<\/p>\n<p>\u269c\ufe0e Aplink \u2013 5 laboratoriniai briliantai, bendras svoris 0,17 ct (VVS\u2013VS).<\/p>\n<p>\u269c\ufe0e \u017diedas pagamintas i\u0161 585 prabos rausvo aukso, sveria 3,26 g. Prabuota Latvijos prabavimo r\u016bmuose, su oficialia etikete.<\/p>\n<p>\u269c\ufe0e \u017diedo dydis \u2013 17,3. Jei reikalingas kitas dydis \u2013 susisiekite puslapyje nurodytais kontaktais.<\/p>\n<p>\u269c\ufe0e Papuo\u0161alas parduodamas supakuotas dovan\u0173 d\u0117\u017eut\u0117je.<\/p>","protected":false},"excerpt":{"rendered":"<p>\u269c\ufe0e Autorinis \u017eiedas su gamtos \u012fkv\u0117ptu \u0161akeli\u0173 ir lapeli\u0173 dizainu. \u269c\ufe0e Centre \u2013 0,45 ct laboratorijoje i\u0161augintas \u017ealias deimantas (la\u0161o<\/p>","protected":false},"featured_media":36877,"template":"","meta":[],"product_brand":[],"product_cat":[124],"product_tag":[],"class_list":{"0":"post-36878","1":"product","2":"type-product","3":"status-publish","4":"has-post-thumbnail","6":"product_cat-ziedai","8":"first","9":"outofstock","10":"taxable","11":"shipping-taxable","12":"purchasable","13":"product-type-simple"},"jetpack_sharing_enabled":true,"_links":{"self":[{"href":"https:\/\/sventasmiskas.lt\/en\/wp-json\/wp\/v2\/product\/36878","targetHints":{"allow":["GET"]}}],"collection":[{"href":"https:\/\/sventasmiskas.lt\/en\/wp-json\/wp\/v2\/product"}],"about":[{"href":"https:\/\/sventasmiskas.lt\/en\/wp-json\/wp\/v2\/types\/product"}],"wp:featuredmedia":[{"embeddable":true,"href":"https:\/\/sventasmiskas.lt\/en\/wp-json\/wp\/v2\/media\/36877"}],"wp:attachment":[{"href":"https:\/\/sventasmiskas.lt\/en\/wp-json\/wp\/v2\/media?parent=36878"}],"wp:term":[{"taxonomy":"product_brand","embeddable":true,"href":"https:\/\/sventasmiskas.lt\/en\/wp-json\/wp\/v2\/product_brand?post=36878"},{"taxonomy":"product_cat","embeddable":true,"href":"https:\/\/sventasmiskas.lt\/en\/wp-json\/wp\/v2\/product_cat?post=36878"},{"taxonomy":"product_tag","embeddable":true,"href":"https:\/\/sventasmiskas.lt\/en\/wp-json\/wp\/v2\/product_tag?post=36878"}],"curies":[{"name":"wp","href":"https:\/\/api.w.org\/{rel}","templated":true}]}}