{"id":36873,"date":"2025-09-11T14:10:31","date_gmt":"2025-09-11T14:10:31","guid":{"rendered":"https:\/\/sventasmiskas.lt\/parduotuve\/zalioji-liepsna\/"},"modified":"2025-10-28T19:34:29","modified_gmt":"2025-10-28T19:34:29","slug":"zalioji-liepsna","status":"publish","type":"product","link":"https:\/\/sventasmiskas.lt\/en\/parduotuve\/zalioji-liepsna\/","title":{"rendered":"\u017dalioji liepsna"},"content":{"rendered":"<p>\u269c\ufe0e Autorinis, eleganti\u0161kas \u017eiedas su gamtos \u012fkv\u0117ptu \u0161akeli\u0173 ir lapeli\u0173 dizainu.<\/p>\n<p>\u269c\ufe0e Centre \u2013 0,45 ct \u017ealias safyras (marquise mix cut, yG 6\/3  SI), apsuptas 6 briliantais (viso 0,06 ct, VS\u2013SI).<\/p>\n<p>\u269c\ufe0e \u017diedas pagamintas i\u0161 585 prabos rausvo aukso, sveria 2,50 g. Prabuota Latvijos prabavimo r\u016bmuose, su oficialia etikete.<\/p>\n<p>\u269c\ufe0e \u017diedo dydis \u2013 16,7. Jei reikalingas kitas dydis \u2013 susisiekite puslapyje nurodytais kontaktais.<\/p>\n<p>\u269c\ufe0e Papuo\u0161alas parduodamas supakuotas dovan\u0173 d\u0117\u017eut\u0117je.<\/p>","protected":false},"excerpt":{"rendered":"<p>\u269c\ufe0e Autorinis, eleganti\u0161kas \u017eiedas su gamtos \u012fkv\u0117ptu \u0161akeli\u0173 ir lapeli\u0173 dizainu. \u269c\ufe0e Centre \u2013 0,45 ct \u017ealias safyras (marquise mix<\/p>","protected":false},"featured_media":36868,"template":"","meta":[],"product_brand":[],"product_cat":[124],"product_tag":[],"class_list":{"0":"post-36873","1":"product","2":"type-product","3":"status-publish","4":"has-post-thumbnail","6":"product_cat-ziedai","8":"first","9":"outofstock","10":"taxable","11":"shipping-taxable","12":"purchasable","13":"product-type-simple"},"jetpack_sharing_enabled":true,"_links":{"self":[{"href":"https:\/\/sventasmiskas.lt\/en\/wp-json\/wp\/v2\/product\/36873","targetHints":{"allow":["GET"]}}],"collection":[{"href":"https:\/\/sventasmiskas.lt\/en\/wp-json\/wp\/v2\/product"}],"about":[{"href":"https:\/\/sventasmiskas.lt\/en\/wp-json\/wp\/v2\/types\/product"}],"wp:featuredmedia":[{"embeddable":true,"href":"https:\/\/sventasmiskas.lt\/en\/wp-json\/wp\/v2\/media\/36868"}],"wp:attachment":[{"href":"https:\/\/sventasmiskas.lt\/en\/wp-json\/wp\/v2\/media?parent=36873"}],"wp:term":[{"taxonomy":"product_brand","embeddable":true,"href":"https:\/\/sventasmiskas.lt\/en\/wp-json\/wp\/v2\/product_brand?post=36873"},{"taxonomy":"product_cat","embeddable":true,"href":"https:\/\/sventasmiskas.lt\/en\/wp-json\/wp\/v2\/product_cat?post=36873"},{"taxonomy":"product_tag","embeddable":true,"href":"https:\/\/sventasmiskas.lt\/en\/wp-json\/wp\/v2\/product_tag?post=36873"}],"curies":[{"name":"wp","href":"https:\/\/api.w.org\/{rel}","templated":true}]}}