{"id":36866,"date":"2025-09-11T13:46:17","date_gmt":"2025-09-11T13:46:17","guid":{"rendered":"https:\/\/sventasmiskas.lt\/parduotuve\/misko-sirdis\/"},"modified":"2025-10-28T19:34:29","modified_gmt":"2025-10-28T19:34:29","slug":"misko-sirdis","status":"publish","type":"product","link":"https:\/\/sventasmiskas.lt\/en\/parduotuve\/misko-sirdis\/","title":{"rendered":"Mi\u0161ko \u0161irdis"},"content":{"rendered":"<p>\u269c\ufe0e Autorinis, gamtos \u012fkv\u0117ptas dizainas su \u0161akeli\u0173 ir lapeli\u0173 motyvais.<\/p>\n<p>\u269c\ufe0e Centre \u2013 0,30 ct smaragdas (round mix cut, vsIBG 6\/4  P2), su oficialia Latvijos prabavimo r\u016bm\u0173 etikete.<\/p>\n<p>\u269c\ufe0e \u017diedas pagamintas i\u0161 585 prabos geltono aukso, sveria 1,76 g. Prabuota Latvijos prabavimo r\u016bmuose.<\/p>\n<p>\u269c\ufe0e \u017diedo dydis \u2013 17,2. Jei reikalingas kitas dydis \u2013 susisiekite puslapyje nurodytais kontaktais.<\/p>\n<p>\u269c\ufe0e Papuo\u0161alas parduodamas supakuotas dovan\u0173 d\u0117\u017eut\u0117je.<\/p>","protected":false},"excerpt":{"rendered":"<p>\u269c\ufe0e Autorinis, gamtos \u012fkv\u0117ptas dizainas su \u0161akeli\u0173 ir lapeli\u0173 motyvais. \u269c\ufe0e Centre \u2013 0,30 ct smaragdas (round mix cut, vsIBG<\/p>","protected":false},"featured_media":36863,"template":"","meta":[],"product_brand":[],"product_cat":[124],"product_tag":[],"class_list":{"0":"post-36866","1":"product","2":"type-product","3":"status-publish","4":"has-post-thumbnail","6":"product_cat-ziedai","8":"first","9":"outofstock","10":"taxable","11":"shipping-taxable","12":"purchasable","13":"product-type-simple"},"jetpack_sharing_enabled":true,"_links":{"self":[{"href":"https:\/\/sventasmiskas.lt\/en\/wp-json\/wp\/v2\/product\/36866","targetHints":{"allow":["GET"]}}],"collection":[{"href":"https:\/\/sventasmiskas.lt\/en\/wp-json\/wp\/v2\/product"}],"about":[{"href":"https:\/\/sventasmiskas.lt\/en\/wp-json\/wp\/v2\/types\/product"}],"wp:featuredmedia":[{"embeddable":true,"href":"https:\/\/sventasmiskas.lt\/en\/wp-json\/wp\/v2\/media\/36863"}],"wp:attachment":[{"href":"https:\/\/sventasmiskas.lt\/en\/wp-json\/wp\/v2\/media?parent=36866"}],"wp:term":[{"taxonomy":"product_brand","embeddable":true,"href":"https:\/\/sventasmiskas.lt\/en\/wp-json\/wp\/v2\/product_brand?post=36866"},{"taxonomy":"product_cat","embeddable":true,"href":"https:\/\/sventasmiskas.lt\/en\/wp-json\/wp\/v2\/product_cat?post=36866"},{"taxonomy":"product_tag","embeddable":true,"href":"https:\/\/sventasmiskas.lt\/en\/wp-json\/wp\/v2\/product_tag?post=36866"}],"curies":[{"name":"wp","href":"https:\/\/api.w.org\/{rel}","templated":true}]}}