{"id":36859,"date":"2025-09-11T10:01:37","date_gmt":"2025-09-11T10:01:37","guid":{"rendered":"https:\/\/sventasmiskas.lt\/parduotuve\/trys-zvaigzdes\/"},"modified":"2025-12-05T20:20:46","modified_gmt":"2025-12-05T20:20:46","slug":"trys-zvaigzdes","status":"publish","type":"product","link":"https:\/\/sventasmiskas.lt\/en\/parduotuve\/trys-zvaigzdes\/","title":{"rendered":"Trys \u017evaig\u017ed\u0117s"},"content":{"rendered":"<p>\u269c\ufe0e Autorinis, itin detalus ir eleganti\u0161kas lap\u0173 motyv\u0173 dizainas.<\/p>\n<p>\u269c\ufe0e Sukurtas i\u0161 585 prabos balto aukso, inkrustuotas 3 nat\u016braliais briliantais (~0,40 ct, RW\u2013W, VS\u2013SI).<\/p>\n<p>\u269c\ufe0e \u017diedas sveria 1,85 g, prabuotas Latvijos prabavimo r\u016bmuose, brangesni\u0173 autenti\u0161kas patvirtintas prie papuo\u0161alo esan\u010dioje prabavimo r\u016bm\u0173 etiket\u0117je.<\/p>\n<p>\u269c\ufe0e \u017diedo dydis 16,5. Jei reikalingas kitoks dydis \u2013 susisiekite puslapyje nurodytais kontaktais.<\/p>\n<p>\u269c\ufe0e Papuo\u0161alas parduodamas supakuotas prabangioje \u201e\u0160ventas mi\u0161kas\u201c dovan\u0173 d\u0117\u017eut\u0117je.<\/p>","protected":false},"excerpt":{"rendered":"<p>\u269c\ufe0e Autorinis, itin detalus ir eleganti\u0161kas lap\u0173 motyv\u0173 dizainas. \u269c\ufe0e Sukurtas i\u0161 585 prabos balto aukso, inkrustuotas 3 nat\u016braliais briliantais<\/p>","protected":false},"featured_media":36855,"template":"","meta":[],"product_brand":[],"product_cat":[221,124],"product_tag":[],"class_list":{"0":"post-36859","1":"product","2":"type-product","3":"status-publish","4":"has-post-thumbnail","6":"product_cat-juvelyrika-is-aukso","7":"product_cat-ziedai","9":"first","10":"outofstock","11":"taxable","12":"shipping-taxable","13":"purchasable","14":"product-type-simple"},"jetpack_sharing_enabled":true,"_links":{"self":[{"href":"https:\/\/sventasmiskas.lt\/en\/wp-json\/wp\/v2\/product\/36859","targetHints":{"allow":["GET"]}}],"collection":[{"href":"https:\/\/sventasmiskas.lt\/en\/wp-json\/wp\/v2\/product"}],"about":[{"href":"https:\/\/sventasmiskas.lt\/en\/wp-json\/wp\/v2\/types\/product"}],"wp:featuredmedia":[{"embeddable":true,"href":"https:\/\/sventasmiskas.lt\/en\/wp-json\/wp\/v2\/media\/36855"}],"wp:attachment":[{"href":"https:\/\/sventasmiskas.lt\/en\/wp-json\/wp\/v2\/media?parent=36859"}],"wp:term":[{"taxonomy":"product_brand","embeddable":true,"href":"https:\/\/sventasmiskas.lt\/en\/wp-json\/wp\/v2\/product_brand?post=36859"},{"taxonomy":"product_cat","embeddable":true,"href":"https:\/\/sventasmiskas.lt\/en\/wp-json\/wp\/v2\/product_cat?post=36859"},{"taxonomy":"product_tag","embeddable":true,"href":"https:\/\/sventasmiskas.lt\/en\/wp-json\/wp\/v2\/product_tag?post=36859"}],"curies":[{"name":"wp","href":"https:\/\/api.w.org\/{rel}","templated":true}]}}