{"id":36830,"date":"2025-08-14T12:46:25","date_gmt":"2025-08-14T12:46:25","guid":{"rendered":"https:\/\/sventasmiskas.lt\/parduotuve\/pievu-karalienes\/"},"modified":"2026-05-12T13:28:57","modified_gmt":"2026-05-12T13:28:57","slug":"pievu-karalienes","status":"publish","type":"product","link":"https:\/\/sventasmiskas.lt\/en\/parduotuve\/pievu-karalienes\/","title":{"rendered":"Piev\u0173 karalien\u0117s"},"content":{"rendered":"<p>\u269c\ufe0e Puikiai tinka kasdieniam ne\u0161iojimui, nedideli \u2013 auskaro ilgis apie 9 mm.<\/p>\n<p>\u269c\ufe0e Auskarai primena suma\u017eintus tikrus narciz\u0173 \u017eiedus.<\/p>\n<p>\u269c\ufe0e Auskarai ir j\u0173 u\u017esegimai pagaminti i\u0161 585 prabos rausvo aukso, auskar\u0173 svoris 1,55 g.<\/p>\n<p>\u269c\ufe0e Akmenys auskar\u0173 viduje \u2013 nat\u016bral\u016bs deimantai. J\u0173 dydis 0,03 ct. Brangakmeni\u0173 autenti\u0161kumas patvirtintas prabavimo r\u016bm\u0173 etiket\u0117je, briliantai VS kokyb\u0117s.<\/p>\n<p>\u269c\ufe0e Prabuoti Latvijos prabavimo r\u016bmuose.<\/p>","protected":false},"excerpt":{"rendered":"<p>\u269c\ufe0e Puikiai tinka kasdieniam ne\u0161iojimui, nedideli \u2013 auskaro ilgis apie 9 mm. \u269c\ufe0e Auskarai primena suma\u017eintus tikrus narciz\u0173 \u017eiedus. \u269c\ufe0e<\/p>","protected":false},"featured_media":37917,"template":"","meta":[],"product_brand":[],"product_cat":[123,221],"product_tag":[],"class_list":{"0":"post-36830","1":"product","2":"type-product","3":"status-publish","4":"has-post-thumbnail","6":"product_cat-auskarai","7":"product_cat-juvelyrika-is-aukso","9":"first","10":"instock","11":"taxable","12":"shipping-taxable","13":"purchasable","14":"product-type-simple"},"jetpack_sharing_enabled":true,"_links":{"self":[{"href":"https:\/\/sventasmiskas.lt\/en\/wp-json\/wp\/v2\/product\/36830","targetHints":{"allow":["GET"]}}],"collection":[{"href":"https:\/\/sventasmiskas.lt\/en\/wp-json\/wp\/v2\/product"}],"about":[{"href":"https:\/\/sventasmiskas.lt\/en\/wp-json\/wp\/v2\/types\/product"}],"wp:featuredmedia":[{"embeddable":true,"href":"https:\/\/sventasmiskas.lt\/en\/wp-json\/wp\/v2\/media\/37917"}],"wp:attachment":[{"href":"https:\/\/sventasmiskas.lt\/en\/wp-json\/wp\/v2\/media?parent=36830"}],"wp:term":[{"taxonomy":"product_brand","embeddable":true,"href":"https:\/\/sventasmiskas.lt\/en\/wp-json\/wp\/v2\/product_brand?post=36830"},{"taxonomy":"product_cat","embeddable":true,"href":"https:\/\/sventasmiskas.lt\/en\/wp-json\/wp\/v2\/product_cat?post=36830"},{"taxonomy":"product_tag","embeddable":true,"href":"https:\/\/sventasmiskas.lt\/en\/wp-json\/wp\/v2\/product_tag?post=36830"}],"curies":[{"name":"wp","href":"https:\/\/api.w.org\/{rel}","templated":true}]}}