{"id":36825,"date":"2025-08-14T12:35:08","date_gmt":"2025-08-14T12:35:08","guid":{"rendered":"https:\/\/sventasmiskas.lt\/parduotuve\/zalcio-akis-2\/"},"modified":"2025-10-28T19:34:29","modified_gmt":"2025-10-28T19:34:29","slug":"zalcio-akis-2","status":"publish","type":"product","link":"https:\/\/sventasmiskas.lt\/en\/parduotuve\/zalcio-akis-2\/","title":{"rendered":"\u017dal\u010dio akis"},"content":{"rendered":"<p>\u269c Vienetinis organi\u0161ko stiliaus rank\u0173 darbo \u017eiedas primenantis \u0161akel\u0119.<\/p>\n<p>\u269c \u017diedas su 0,45 ct dyd\u017eio \u017ealios spalvos safyru. Brangakmenio autenti\u0161kumas patvirtintas prabavimo r\u016bm\u0173 etiket\u0117je, specifikacijos para\u0161ytos paskutin\u0117je nuotraukoje.<\/p>\n<p>\u269c Prabuota Latvijos prabavimo r\u016bmuose, aukso praba 585, geltono aukso spalva, \u017eiedas sveria 2,71 g.<\/p>\n<p>\u269c Dydis 17. Esant poreikiui gali b\u016bti padidintas arba pama\u017eintas, jei reikia kitokio dyd\u017eio, susisiekite puslapyje nurodytais kontaktais.<\/p>","protected":false},"excerpt":{"rendered":"<p>\u269c Vienetinis organi\u0161ko stiliaus rank\u0173 darbo \u017eiedas primenantis \u0161akel\u0119. \u269c \u017diedas su 0,45 ct dyd\u017eio \u017ealios spalvos safyru. Brangakmenio autenti\u0161kumas<\/p>","protected":false},"featured_media":36820,"template":"","meta":[],"product_brand":[],"product_cat":[124],"product_tag":[],"class_list":{"0":"post-36825","1":"product","2":"type-product","3":"status-publish","4":"has-post-thumbnail","6":"product_cat-ziedai","8":"first","9":"outofstock","10":"taxable","11":"shipping-taxable","12":"purchasable","13":"product-type-simple"},"jetpack_sharing_enabled":true,"_links":{"self":[{"href":"https:\/\/sventasmiskas.lt\/en\/wp-json\/wp\/v2\/product\/36825","targetHints":{"allow":["GET"]}}],"collection":[{"href":"https:\/\/sventasmiskas.lt\/en\/wp-json\/wp\/v2\/product"}],"about":[{"href":"https:\/\/sventasmiskas.lt\/en\/wp-json\/wp\/v2\/types\/product"}],"wp:featuredmedia":[{"embeddable":true,"href":"https:\/\/sventasmiskas.lt\/en\/wp-json\/wp\/v2\/media\/36820"}],"wp:attachment":[{"href":"https:\/\/sventasmiskas.lt\/en\/wp-json\/wp\/v2\/media?parent=36825"}],"wp:term":[{"taxonomy":"product_brand","embeddable":true,"href":"https:\/\/sventasmiskas.lt\/en\/wp-json\/wp\/v2\/product_brand?post=36825"},{"taxonomy":"product_cat","embeddable":true,"href":"https:\/\/sventasmiskas.lt\/en\/wp-json\/wp\/v2\/product_cat?post=36825"},{"taxonomy":"product_tag","embeddable":true,"href":"https:\/\/sventasmiskas.lt\/en\/wp-json\/wp\/v2\/product_tag?post=36825"}],"curies":[{"name":"wp","href":"https:\/\/api.w.org\/{rel}","templated":true}]}}