{"id":36750,"date":"2025-07-17T13:15:44","date_gmt":"2025-07-17T13:15:44","guid":{"rendered":"https:\/\/sventasmiskas.lt\/parduotuve\/agnis\/"},"modified":"2025-10-28T19:34:29","modified_gmt":"2025-10-28T19:34:29","slug":"agnis","status":"publish","type":"product","link":"https:\/\/sventasmiskas.lt\/en\/parduotuve\/agnis\/","title":{"rendered":"Agnis"},"content":{"rendered":"<p>\u269c\ufe0e Sukurta i\u0161 925 prabos sidabro.<\/p>\n<p>\u269c\ufe0e Vienetinis papuo\u0161alas su nat\u016braliu opalu.<\/p>\n<p>\u269c\ufe0e Prabuota Latvijos prabavimo r\u016bmuose, sveria su grandin\u0117le 4,85 g, pakabuko ilgis 2,5 cm. Parduodamas kartu su 50 cm sidabrine grandin\u0117le.<\/p>\n<p>\u269c\ufe0e Opalas spindi \u017ealiomis, geltonomis ir oran\u017ein\u0117mis ugnel\u0117mis, o forma primena pumpur\u0105, liepsn\u0105.<\/p>","protected":false},"excerpt":{"rendered":"<p>\u269c\ufe0e Sukurta i\u0161 925 prabos sidabro. \u269c\ufe0e Vienetinis papuo\u0161alas su nat\u016braliu opalu. \u269c\ufe0e Prabuota Latvijos prabavimo r\u016bmuose, sveria su grandin\u0117le<\/p>","protected":false},"featured_media":36745,"template":"","meta":[],"product_brand":[],"product_cat":[125],"product_tag":[],"class_list":{"0":"post-36750","1":"product","2":"type-product","3":"status-publish","4":"has-post-thumbnail","6":"product_cat-kaklo-papuosalai","8":"first","9":"outofstock","10":"taxable","11":"shipping-taxable","12":"purchasable","13":"product-type-simple"},"jetpack_sharing_enabled":true,"_links":{"self":[{"href":"https:\/\/sventasmiskas.lt\/en\/wp-json\/wp\/v2\/product\/36750","targetHints":{"allow":["GET"]}}],"collection":[{"href":"https:\/\/sventasmiskas.lt\/en\/wp-json\/wp\/v2\/product"}],"about":[{"href":"https:\/\/sventasmiskas.lt\/en\/wp-json\/wp\/v2\/types\/product"}],"wp:featuredmedia":[{"embeddable":true,"href":"https:\/\/sventasmiskas.lt\/en\/wp-json\/wp\/v2\/media\/36745"}],"wp:attachment":[{"href":"https:\/\/sventasmiskas.lt\/en\/wp-json\/wp\/v2\/media?parent=36750"}],"wp:term":[{"taxonomy":"product_brand","embeddable":true,"href":"https:\/\/sventasmiskas.lt\/en\/wp-json\/wp\/v2\/product_brand?post=36750"},{"taxonomy":"product_cat","embeddable":true,"href":"https:\/\/sventasmiskas.lt\/en\/wp-json\/wp\/v2\/product_cat?post=36750"},{"taxonomy":"product_tag","embeddable":true,"href":"https:\/\/sventasmiskas.lt\/en\/wp-json\/wp\/v2\/product_tag?post=36750"}],"curies":[{"name":"wp","href":"https:\/\/api.w.org\/{rel}","templated":true}]}}