{"id":36738,"date":"2025-07-17T12:03:43","date_gmt":"2025-07-17T12:03:43","guid":{"rendered":"https:\/\/sventasmiskas.lt\/parduotuve\/aeternum\/"},"modified":"2025-10-28T19:34:29","modified_gmt":"2025-10-28T19:34:29","slug":"aeternum","status":"publish","type":"product","link":"https:\/\/sventasmiskas.lt\/en\/parduotuve\/aeternum\/","title":{"rendered":"Aeternum"},"content":{"rendered":"<p>\u269c\ufe0e Autorinis itin detalus ir realisti\u0161kas dizainas.<\/p>\n<p>\u269c\ufe0e Sukurta i\u0161 925 prabos tamsinto sidabro, parduodamas kartu wu grandin\u0117le.<\/p>\n<p>\u269c\ufe0e Vienetinis papuo\u0161alas su tamsiai \u017ealiu safyro akmeniu, akmens dydis 5 ct. Prie gaminio pritvirtinta brangakmenio autenti\u0161kumo etiket\u0117 su brangakmenio charakteristikomis (paskutin\u0117 nuotrauka).<\/p>\n<p>\u269c\ufe0e Prabuota Latvijos prabavimo r\u016bmuose, sveria su grandin\u0117le 10,21 g.<span> \u0160iuo metu <\/span>papuo\u0161alas<span>yra prabavimo r\u016bmuose, i\u0161si\u0173stas jums b\u016bt\u0173 rugpj\u016b\u010dio 1 dien\u0105.<\/span><\/p>","protected":false},"excerpt":{"rendered":"<p>\u269c\ufe0e Autorinis itin detalus ir realisti\u0161kas dizainas. \u269c\ufe0e Sukurta i\u0161 925 prabos tamsinto sidabro, parduodamas kartu wu grandin\u0117le. \u269c\ufe0e Vienetinis<\/p>","protected":false},"featured_media":36737,"template":"","meta":[],"product_brand":[],"product_cat":[125],"product_tag":[],"class_list":{"0":"post-36738","1":"product","2":"type-product","3":"status-publish","4":"has-post-thumbnail","6":"product_cat-kaklo-papuosalai","8":"first","9":"outofstock","10":"taxable","11":"shipping-taxable","12":"purchasable","13":"product-type-simple"},"jetpack_sharing_enabled":true,"_links":{"self":[{"href":"https:\/\/sventasmiskas.lt\/en\/wp-json\/wp\/v2\/product\/36738","targetHints":{"allow":["GET"]}}],"collection":[{"href":"https:\/\/sventasmiskas.lt\/en\/wp-json\/wp\/v2\/product"}],"about":[{"href":"https:\/\/sventasmiskas.lt\/en\/wp-json\/wp\/v2\/types\/product"}],"wp:featuredmedia":[{"embeddable":true,"href":"https:\/\/sventasmiskas.lt\/en\/wp-json\/wp\/v2\/media\/36737"}],"wp:attachment":[{"href":"https:\/\/sventasmiskas.lt\/en\/wp-json\/wp\/v2\/media?parent=36738"}],"wp:term":[{"taxonomy":"product_brand","embeddable":true,"href":"https:\/\/sventasmiskas.lt\/en\/wp-json\/wp\/v2\/product_brand?post=36738"},{"taxonomy":"product_cat","embeddable":true,"href":"https:\/\/sventasmiskas.lt\/en\/wp-json\/wp\/v2\/product_cat?post=36738"},{"taxonomy":"product_tag","embeddable":true,"href":"https:\/\/sventasmiskas.lt\/en\/wp-json\/wp\/v2\/product_tag?post=36738"}],"curies":[{"name":"wp","href":"https:\/\/api.w.org\/{rel}","templated":true}]}}