{"id":36734,"date":"2025-07-17T11:44:31","date_gmt":"2025-07-17T11:44:31","guid":{"rendered":"https:\/\/sventasmiskas.lt\/parduotuve\/astrae\/"},"modified":"2026-01-31T08:49:08","modified_gmt":"2026-01-31T08:49:08","slug":"astrae","status":"publish","type":"product","link":"https:\/\/sventasmiskas.lt\/en\/parduotuve\/astrae\/","title":{"rendered":"Astrae"},"content":{"rendered":"<p style=\"margin:0px0px20px;padding:0px;border:0px;vertical-align:baseline;font-style:normal;font-weight:400;line-height:inherit;font-family:Poppins,Arial,Helvetica,sans-serif;font-size:15px;letter-spacing:normal;text-transform:none;text-align:left\">\u269c\ufe0e Vienetiniai auskarai inkrustuoti nat\u016braliais topazo akmenimis.<\/p>\n<p style=\"margin:0px0px20px;padding:0px;border:0px;vertical-align:baseline;font-style:normal;font-weight:400;line-height:inherit;font-family:Poppins,Arial,Helvetica,sans-serif;font-size:15px;letter-spacing:normal;text-transform:none;text-align:left\">\u269c\ufe0e Tinkami ne\u0161ioti kasdien, nedideli.<\/p>\n<p style=\"margin:0px0px20px;padding:0px;border:0px;vertical-align:baseline;font-style:normal;font-weight:400;line-height:inherit;font-family:Poppins,Arial,Helvetica,sans-serif;font-size:15px;letter-spacing:normal;text-transform:none;text-align:left\">\u269c\ufe0e Auskarai bei j\u0173 u\u017esegimai sukurti i\u0161 925 prabos sidabro, auskar\u0173 pora sveria 2,11 g.<\/p>\n<p style=\"margin:0px0px20px;padding:0px;border:0px;vertical-align:baseline;font-style:normal;font-weight:400;line-height:inherit;font-family:Poppins,Arial,Helvetica,sans-serif;font-size:15px;letter-spacing:normal;text-transform:none;text-align:left\">\u269c Prabuota Latvijos prabavimo r\u016bmuose.<\/p>\n<p style=\"margin:0px;padding:0px;border:0px;vertical-align:baseline;font-style:normal;font-weight:400;line-height:inherit;font-family:Poppins,Arial,Helvetica,sans-serif;font-size:15px;letter-spacing:normal;text-transform:none;text-align:left\">\u269c Papuo\u0161alas parduodamas supakuotas dovan\u0173 pakuot\u0117je.<\/p>","protected":false},"excerpt":{"rendered":"<p>\u269c\ufe0e Vienetiniai auskarai inkrustuoti nat\u016braliais topazo akmenimis. \u269c\ufe0e Tinkami ne\u0161ioti kasdien, nedideli. \u269c\ufe0e Auskarai bei j\u0173 u\u017esegimai sukurti i\u0161 925<\/p>","protected":false},"featured_media":36942,"template":"","meta":[],"product_brand":[],"product_cat":[123,21],"product_tag":[],"class_list":{"0":"post-36734","1":"product","2":"type-product","3":"status-publish","4":"has-post-thumbnail","6":"product_cat-auskarai","7":"product_cat-no-category","9":"first","10":"outofstock","11":"taxable","12":"shipping-taxable","13":"purchasable","14":"product-type-simple"},"jetpack_sharing_enabled":true,"_links":{"self":[{"href":"https:\/\/sventasmiskas.lt\/en\/wp-json\/wp\/v2\/product\/36734","targetHints":{"allow":["GET"]}}],"collection":[{"href":"https:\/\/sventasmiskas.lt\/en\/wp-json\/wp\/v2\/product"}],"about":[{"href":"https:\/\/sventasmiskas.lt\/en\/wp-json\/wp\/v2\/types\/product"}],"wp:featuredmedia":[{"embeddable":true,"href":"https:\/\/sventasmiskas.lt\/en\/wp-json\/wp\/v2\/media\/36942"}],"wp:attachment":[{"href":"https:\/\/sventasmiskas.lt\/en\/wp-json\/wp\/v2\/media?parent=36734"}],"wp:term":[{"taxonomy":"product_brand","embeddable":true,"href":"https:\/\/sventasmiskas.lt\/en\/wp-json\/wp\/v2\/product_brand?post=36734"},{"taxonomy":"product_cat","embeddable":true,"href":"https:\/\/sventasmiskas.lt\/en\/wp-json\/wp\/v2\/product_cat?post=36734"},{"taxonomy":"product_tag","embeddable":true,"href":"https:\/\/sventasmiskas.lt\/en\/wp-json\/wp\/v2\/product_tag?post=36734"}],"curies":[{"name":"wp","href":"https:\/\/api.w.org\/{rel}","templated":true}]}}