{"id":36716,"date":"2025-07-15T13:09:44","date_gmt":"2025-07-15T13:09:44","guid":{"rendered":"https:\/\/sventasmiskas.lt\/parduotuve\/misko-uogos\/"},"modified":"2025-10-28T19:34:29","modified_gmt":"2025-10-28T19:34:29","slug":"misko-uogos","status":"publish","type":"product","link":"https:\/\/sventasmiskas.lt\/en\/parduotuve\/misko-uogos\/","title":{"rendered":"Mi\u0161ko uogos"},"content":{"rendered":"<p>\u269c\ufe0e Auskarai inkrustuoti nat\u016braliais rubin\u0173 akmenimis.<\/p>\n<p>\u269c\ufe0e Tinkami ne\u0161ioti kasdien, nedideli.<\/p>\n<p>\u269c\ufe0e Sidabras specialiai paveiktas, taip i\u0161gaunant tamsesnius sidabro atspalvius.<\/p>\n<p>\u269c\ufe0e Auskarai bei j\u0173 u\u017esegimai sukurti i\u0161 925 prabos sidabro, auskar\u0173 pora sveria 1,28 g.<\/p>\n<p>\u269c Prabuota Latvijos prabavimo r\u016bmuose, prie auskar\u0173 pritvirtinta prabavimo r\u016bm\u0173 etiket\u0117 kurioje nurodytos brangakmeni\u0173 charakteristikos (paskutin\u0117je nuotraukoje).<\/p>\n<p>\u269c Papuo\u0161alas parduodamas supakuotas dovan\u0173 pakuot\u0117je.<\/p>","protected":false},"excerpt":{"rendered":"<p>\u269c\ufe0e Auskarai inkrustuoti nat\u016braliais rubin\u0173 akmenimis. \u269c\ufe0e Tinkami ne\u0161ioti kasdien, nedideli. \u269c\ufe0e Sidabras specialiai paveiktas, taip i\u0161gaunant tamsesnius sidabro atspalvius.<\/p>","protected":false},"featured_media":36714,"template":"","meta":[],"product_brand":[],"product_cat":[123],"product_tag":[],"class_list":{"0":"post-36716","1":"product","2":"type-product","3":"status-publish","4":"has-post-thumbnail","6":"product_cat-auskarai","8":"first","9":"outofstock","10":"taxable","11":"shipping-taxable","12":"purchasable","13":"product-type-simple"},"jetpack_sharing_enabled":true,"_links":{"self":[{"href":"https:\/\/sventasmiskas.lt\/en\/wp-json\/wp\/v2\/product\/36716","targetHints":{"allow":["GET"]}}],"collection":[{"href":"https:\/\/sventasmiskas.lt\/en\/wp-json\/wp\/v2\/product"}],"about":[{"href":"https:\/\/sventasmiskas.lt\/en\/wp-json\/wp\/v2\/types\/product"}],"wp:featuredmedia":[{"embeddable":true,"href":"https:\/\/sventasmiskas.lt\/en\/wp-json\/wp\/v2\/media\/36714"}],"wp:attachment":[{"href":"https:\/\/sventasmiskas.lt\/en\/wp-json\/wp\/v2\/media?parent=36716"}],"wp:term":[{"taxonomy":"product_brand","embeddable":true,"href":"https:\/\/sventasmiskas.lt\/en\/wp-json\/wp\/v2\/product_brand?post=36716"},{"taxonomy":"product_cat","embeddable":true,"href":"https:\/\/sventasmiskas.lt\/en\/wp-json\/wp\/v2\/product_cat?post=36716"},{"taxonomy":"product_tag","embeddable":true,"href":"https:\/\/sventasmiskas.lt\/en\/wp-json\/wp\/v2\/product_tag?post=36716"}],"curies":[{"name":"wp","href":"https:\/\/api.w.org\/{rel}","templated":true}]}}