{"id":36711,"date":"2025-07-15T12:52:05","date_gmt":"2025-07-15T12:52:05","guid":{"rendered":"https:\/\/sventasmiskas.lt\/?post_type=product&#038;p=36711"},"modified":"2025-10-28T19:34:39","modified_gmt":"2025-10-28T19:34:39","slug":"santa-rosa-muerte","status":"publish","type":"product","link":"https:\/\/sventasmiskas.lt\/en\/parduotuve\/santa-rosa-muerte\/","title":{"rendered":"Santa Rosa Muerte"},"content":{"rendered":"<p>\u269c\ufe0e Santa Muerte globoja visus \u2013 ypa\u010d tuos, kuriuos pasaulis pamir\u0161o. \u0160iame pakabuke kaukol\u0117 ir \u017eiedai susilieja \u012f vien\u0105 simbol\u012f \u2013 mirtis ir gyvyb\u0117, gro\u017eis ir apsauga. Tai tylus, bet stiprus priminimas gyventi dr\u0105siai ir pilnai.<\/p>\n<p>\u269c\ufe0e Sukurta i\u0161 925 prabos tamsinto sidabro.<\/p>\n<p>\u269c\ufe0e Vienetinis papuo\u0161alas<\/p>\n<p>\u269c\ufe0e Prabuota Latvijos prabavimo r\u016bmuose,  sveria su grandin\u0117le 4,54 g.<\/p>","protected":false},"excerpt":{"rendered":"<p>\u269c\ufe0e Santa Muerte globoja visus \u2013 ypa\u010d tuos, kuriuos pasaulis pamir\u0161o. \u0160iame pakabuke kaukol\u0117 ir \u017eiedai susilieja \u012f vien\u0105 simbol\u012f<\/p>","protected":false},"featured_media":36710,"template":"","meta":[],"product_brand":[],"product_cat":[21,125],"product_tag":[],"class_list":{"0":"post-36711","1":"product","2":"type-product","3":"status-publish","4":"has-post-thumbnail","6":"product_cat-no-category","7":"product_cat-kaklo-papuosalai","9":"first","10":"outofstock","11":"taxable","12":"shipping-taxable","13":"purchasable","14":"product-type-variable"},"jetpack_sharing_enabled":true,"_links":{"self":[{"href":"https:\/\/sventasmiskas.lt\/en\/wp-json\/wp\/v2\/product\/36711","targetHints":{"allow":["GET"]}}],"collection":[{"href":"https:\/\/sventasmiskas.lt\/en\/wp-json\/wp\/v2\/product"}],"about":[{"href":"https:\/\/sventasmiskas.lt\/en\/wp-json\/wp\/v2\/types\/product"}],"wp:featuredmedia":[{"embeddable":true,"href":"https:\/\/sventasmiskas.lt\/en\/wp-json\/wp\/v2\/media\/36710"}],"wp:attachment":[{"href":"https:\/\/sventasmiskas.lt\/en\/wp-json\/wp\/v2\/media?parent=36711"}],"wp:term":[{"taxonomy":"product_brand","embeddable":true,"href":"https:\/\/sventasmiskas.lt\/en\/wp-json\/wp\/v2\/product_brand?post=36711"},{"taxonomy":"product_cat","embeddable":true,"href":"https:\/\/sventasmiskas.lt\/en\/wp-json\/wp\/v2\/product_cat?post=36711"},{"taxonomy":"product_tag","embeddable":true,"href":"https:\/\/sventasmiskas.lt\/en\/wp-json\/wp\/v2\/product_tag?post=36711"}],"curies":[{"name":"wp","href":"https:\/\/api.w.org\/{rel}","templated":true}]}}