{"id":36706,"date":"2025-07-15T12:43:12","date_gmt":"2025-07-15T12:43:12","guid":{"rendered":"https:\/\/sventasmiskas.lt\/parduotuve\/samhain\/"},"modified":"2025-10-28T19:34:30","modified_gmt":"2025-10-28T19:34:30","slug":"samhain","status":"publish","type":"product","link":"https:\/\/sventasmiskas.lt\/en\/parduotuve\/samhain\/","title":{"rendered":"Samhain"},"content":{"rendered":"<p style=\"margin:0px0px20px;padding:0px;border:0px;vertical-align:baseline;font-style:normal;font-weight:400;line-height:inherit;font-family:Poppins,Arial,Helvetica,sans-serif;font-size:15px;letter-spacing:normal;text-indent:0px;text-transform:none;text-align:left\"><span style=\"margin:0px;padding:0px;border:0px;vertical-align:baseline;font-style:inherit;font-variant:inherit;font-weight:inherit;line-height:inherit;font-family:inherit;font-size:15px\">\u269c\ufe0e Autorinis itin detalus ir eleganti\u0161kas dizainas.<\/span><span> <\/span>\u017diedo dydis 15,5. Jei reikalingas kitoks \u017eiedo dydis susisiekite puslapyje nurodytais kontaktais.<\/p>\n<p style=\"margin:0px0px20px;padding:0px;border:0px;vertical-align:baseline;font-style:normal;font-weight:400;line-height:inherit;font-family:Poppins,Arial,Helvetica,sans-serif;font-size:15px;letter-spacing:normal;text-transform:none;text-align:left\"><span style=\"margin:0px;padding:0px;border:0px;vertical-align:baseline;font-style:inherit;font-variant:inherit;font-weight:inherit;line-height:inherit;font-family:inherit;font-size:15px\">\u269c\ufe0e Sukurta su i\u0161skirtin\u0117s spalvos safyro brangakmeniu ir moisonito akmeniu<\/span>. Brangakmenio charakteristikos \u012fra\u0161ytos prabavimo r\u016bm\u0173 sertifikato etiket\u0117je (paskutin\u0117je nuotraukoje).<\/p>\n<p style=\"margin:0px0px20px;padding:0px;border:0px;vertical-align:baseline;font-style:normal;font-weight:400;line-height:inherit;font-family:Poppins,Arial,Helvetica,sans-serif;font-size:15px;letter-spacing:normal;text-indent:0px;text-transform:none;text-align:left\">\u269c\ufe0e Prabuota Latvijos prabavimo r\u016bmuose, sveria 2,2 g, 925 sidabro praba.<\/p>\n<p style=\"padding:0px;border:0px;vertical-align:baseline;font-style:normal;font-weight:400;line-height:inherit;font-family:Poppins,Arial,Helvetica,sans-serif;font-size:15px;margin:0px;letter-spacing:normal;text-indent:0px;text-transform:none;text-align:left\">\u269c Papuo\u0161alas parduodamas supakuotas dovan\u0173 d\u0117\u017eut\u0117je.<\/p>","protected":false},"excerpt":{"rendered":"<p>\u269c\ufe0e Autorinis itin detalus ir eleganti\u0161kas dizainas. \u017diedo dydis 15,5. Jei reikalingas kitoks \u017eiedo dydis susisiekite puslapyje nurodytais kontaktais. \u269c\ufe0e<\/p>","protected":false},"featured_media":36705,"template":"","meta":[],"product_brand":[],"product_cat":[124],"product_tag":[],"class_list":{"0":"post-36706","1":"product","2":"type-product","3":"status-publish","4":"has-post-thumbnail","6":"product_cat-ziedai","8":"first","9":"instock","10":"taxable","11":"shipping-taxable","12":"purchasable","13":"product-type-simple"},"jetpack_sharing_enabled":true,"_links":{"self":[{"href":"https:\/\/sventasmiskas.lt\/en\/wp-json\/wp\/v2\/product\/36706","targetHints":{"allow":["GET"]}}],"collection":[{"href":"https:\/\/sventasmiskas.lt\/en\/wp-json\/wp\/v2\/product"}],"about":[{"href":"https:\/\/sventasmiskas.lt\/en\/wp-json\/wp\/v2\/types\/product"}],"wp:featuredmedia":[{"embeddable":true,"href":"https:\/\/sventasmiskas.lt\/en\/wp-json\/wp\/v2\/media\/36705"}],"wp:attachment":[{"href":"https:\/\/sventasmiskas.lt\/en\/wp-json\/wp\/v2\/media?parent=36706"}],"wp:term":[{"taxonomy":"product_brand","embeddable":true,"href":"https:\/\/sventasmiskas.lt\/en\/wp-json\/wp\/v2\/product_brand?post=36706"},{"taxonomy":"product_cat","embeddable":true,"href":"https:\/\/sventasmiskas.lt\/en\/wp-json\/wp\/v2\/product_cat?post=36706"},{"taxonomy":"product_tag","embeddable":true,"href":"https:\/\/sventasmiskas.lt\/en\/wp-json\/wp\/v2\/product_tag?post=36706"}],"curies":[{"name":"wp","href":"https:\/\/api.w.org\/{rel}","templated":true}]}}