{"id":36702,"date":"2025-07-15T12:29:56","date_gmt":"2025-07-15T12:29:56","guid":{"rendered":"https:\/\/sventasmiskas.lt\/parduotuve\/aegir\/"},"modified":"2025-10-28T19:34:30","modified_gmt":"2025-10-28T19:34:30","slug":"aegir","status":"publish","type":"product","link":"https:\/\/sventasmiskas.lt\/en\/parduotuve\/aegir\/","title":{"rendered":"Aegir"},"content":{"rendered":"<p>\u269c\ufe0e Autorinis itin detalus ir eleganti\u0161kas dizainas.<\/p>\n<p>\u269c\ufe0e Sukurta su 3 \u017ealiai &#8211; m\u0117lynos spalvos safyro akmenimis. Safyr\u0173 dydis ir kokyb\u0117s parametrai nurodyti prabavimo r\u016bm\u0173 etiket\u0117je (paskutin\u0117je nuotraukoje).<\/p>\n<p>\u269c\ufe0e Prabuota Latvijos prabavimo r\u016bmuose, sveria 1,6 g, 925 sidabro praba.<\/p>\n<p>\u269c\ufe0e \u017diedo dydis 18. Jei reikalingas kitoks \u017eiedo dydis susisiekite puslapyje nurodytais kontaktais.<\/p>\n<p>\u269c Papuo\u0161alas parduodamas supakuotas dovan\u0173 d\u0117\u017eut\u0117je.<\/p>","protected":false},"excerpt":{"rendered":"<p>\u269c\ufe0e Autorinis itin detalus ir eleganti\u0161kas dizainas. \u269c\ufe0e Sukurta su 3 \u017ealiai &#8211; m\u0117lynos spalvos safyro akmenimis. Safyr\u0173 dydis ir<\/p>","protected":false},"featured_media":36696,"template":"","meta":[],"product_brand":[],"product_cat":[124],"product_tag":[],"class_list":{"0":"post-36702","1":"product","2":"type-product","3":"status-publish","4":"has-post-thumbnail","6":"product_cat-ziedai","8":"first","9":"outofstock","10":"taxable","11":"shipping-taxable","12":"purchasable","13":"product-type-simple"},"jetpack_sharing_enabled":true,"_links":{"self":[{"href":"https:\/\/sventasmiskas.lt\/en\/wp-json\/wp\/v2\/product\/36702","targetHints":{"allow":["GET"]}}],"collection":[{"href":"https:\/\/sventasmiskas.lt\/en\/wp-json\/wp\/v2\/product"}],"about":[{"href":"https:\/\/sventasmiskas.lt\/en\/wp-json\/wp\/v2\/types\/product"}],"wp:featuredmedia":[{"embeddable":true,"href":"https:\/\/sventasmiskas.lt\/en\/wp-json\/wp\/v2\/media\/36696"}],"wp:attachment":[{"href":"https:\/\/sventasmiskas.lt\/en\/wp-json\/wp\/v2\/media?parent=36702"}],"wp:term":[{"taxonomy":"product_brand","embeddable":true,"href":"https:\/\/sventasmiskas.lt\/en\/wp-json\/wp\/v2\/product_brand?post=36702"},{"taxonomy":"product_cat","embeddable":true,"href":"https:\/\/sventasmiskas.lt\/en\/wp-json\/wp\/v2\/product_cat?post=36702"},{"taxonomy":"product_tag","embeddable":true,"href":"https:\/\/sventasmiskas.lt\/en\/wp-json\/wp\/v2\/product_tag?post=36702"}],"curies":[{"name":"wp","href":"https:\/\/api.w.org\/{rel}","templated":true}]}}