{"id":36695,"date":"2025-07-15T12:18:36","date_gmt":"2025-07-15T12:18:36","guid":{"rendered":"https:\/\/sventasmiskas.lt\/parduotuve\/pavasario-sokis\/"},"modified":"2025-10-28T19:34:30","modified_gmt":"2025-10-28T19:34:30","slug":"pavasario-sokis","status":"publish","type":"product","link":"https:\/\/sventasmiskas.lt\/en\/parduotuve\/pavasario-sokis\/","title":{"rendered":"Pavasario \u0161okis"},"content":{"rendered":"<p><span>\u269c\ufe0e Autorinis itin detalus ir eleganti\u0161kas dizainas.<\/span><\/p>\n<p><span>\u269c\ufe0e Sukurta su 3 \u017ealios spalvos tsavorito akmenimis.<\/span><\/p>\n<p>\u269c\ufe0e Prabuota Latvijos prabavimo r\u016bmuose, sveria 1,55 g, 925 sidabro praba.<\/p>\n<p>\u269c\ufe0e \u017diedo dydis 18. Jei reikalingas kitoks \u017eiedo dydis susisiekite puslapyje nurodytais kontaktais.<\/p>\n<p>\u269c Papuo\u0161alas parduodamas supakuotas dovan\u0173 d\u0117\u017eut\u0117je.<\/p>","protected":false},"excerpt":{"rendered":"<p>\u269c\ufe0e Autorinis itin detalus ir eleganti\u0161kas dizainas. \u269c\ufe0e Sukurta su 3 \u017ealios spalvos tsavorito akmenimis. \u269c\ufe0e Prabuota Latvijos prabavimo r\u016bmuose,<\/p>","protected":false},"featured_media":36692,"template":"","meta":[],"product_brand":[],"product_cat":[124],"product_tag":[],"class_list":{"0":"post-36695","1":"product","2":"type-product","3":"status-publish","4":"has-post-thumbnail","6":"product_cat-ziedai","8":"first","9":"outofstock","10":"taxable","11":"shipping-taxable","12":"purchasable","13":"product-type-simple"},"jetpack_sharing_enabled":true,"_links":{"self":[{"href":"https:\/\/sventasmiskas.lt\/en\/wp-json\/wp\/v2\/product\/36695","targetHints":{"allow":["GET"]}}],"collection":[{"href":"https:\/\/sventasmiskas.lt\/en\/wp-json\/wp\/v2\/product"}],"about":[{"href":"https:\/\/sventasmiskas.lt\/en\/wp-json\/wp\/v2\/types\/product"}],"wp:featuredmedia":[{"embeddable":true,"href":"https:\/\/sventasmiskas.lt\/en\/wp-json\/wp\/v2\/media\/36692"}],"wp:attachment":[{"href":"https:\/\/sventasmiskas.lt\/en\/wp-json\/wp\/v2\/media?parent=36695"}],"wp:term":[{"taxonomy":"product_brand","embeddable":true,"href":"https:\/\/sventasmiskas.lt\/en\/wp-json\/wp\/v2\/product_brand?post=36695"},{"taxonomy":"product_cat","embeddable":true,"href":"https:\/\/sventasmiskas.lt\/en\/wp-json\/wp\/v2\/product_cat?post=36695"},{"taxonomy":"product_tag","embeddable":true,"href":"https:\/\/sventasmiskas.lt\/en\/wp-json\/wp\/v2\/product_tag?post=36695"}],"curies":[{"name":"wp","href":"https:\/\/api.w.org\/{rel}","templated":true}]}}