{"id":36690,"date":"2025-07-15T12:02:00","date_gmt":"2025-07-15T12:02:00","guid":{"rendered":"https:\/\/sventasmiskas.lt\/parduotuve\/uzkereta-sviesa\/"},"modified":"2025-11-24T11:15:42","modified_gmt":"2025-11-24T11:15:42","slug":"uzkereta-sviesa","status":"publish","type":"product","link":"https:\/\/sventasmiskas.lt\/en\/parduotuve\/uzkereta-sviesa\/","title":{"rendered":"U\u017eker\u0117ta \u0161viesa"},"content":{"rendered":"<p style=\"padding:0px;border:0px;vertical-align:baseline;font:inherit;letter-spacing:normal;text-transform:none;background:transparent;margin:0px;text-align:left\">\u269c Vienetinis gamti\u0161ko stiliaus sidabro \u017eiedas.<\/p>\n<p style=\"margin:0px0px20px;padding:0px;border:0px;vertical-align:baseline;font-style:normal;font-weight:400;line-height:inherit;font-family:Poppins,Arial,Helvetica,sans-serif;font-size:15px;letter-spacing:normal;text-transform:none;text-align:left\">\u269c \u017diedas su centriniu 0,75 ct violetin\u0117s spalvos safyru ir penkiais \u0161oniniais moisonitais. Brangakmenio autenti\u0161kumas patvirtintas prabavimo r\u016bm\u0173 etiket\u0117je, akmen\u0173 specifikacijos para\u0161ytos paskutin\u0117je nuotraukoje.<\/p>\n<p style=\"margin:0px0px20px;padding:0px;border:0px;vertical-align:baseline;font-style:normal;font-weight:400;line-height:inherit;font-family:Poppins,Arial,Helvetica,sans-serif;font-size:15px;letter-spacing:normal;text-transform:none;text-align:left\">\u269c Prabuota Latvijos prabavimo r\u016bmuose, sidabro praba 925, \u017eiedas sveria 2,54 g. \u0160iuo metu \u017eiedas yra prabavimo r\u016bmuose, i\u0161si\u0173stas jums b\u016bt\u0173 rugpj\u016b\u010dio 1 dien\u0105.<\/p>\n<p style=\"margin:0px;padding:0px;border:0px;vertical-align:baseline;font-style:normal;font-weight:400;line-height:inherit;font-family:Poppins,Arial,Helvetica,sans-serif;font-size:15px;letter-spacing:normal;text-transform:none;text-align:left\">\u269c Dydis 16 (gali b\u016bti padidintas arba pama\u017eintas, jei reikia dyd\u017eio korekcijos, susisiekite puslapyje nurodytais kontaktais).<\/p>","protected":false},"excerpt":{"rendered":"<p>\u269c Vienetinis gamti\u0161ko stiliaus sidabro \u017eiedas. \u269c \u017diedas su centriniu 0,75 ct violetin\u0117s spalvos safyru ir penkiais \u0161oniniais moisonitais. Brangakmenio<\/p>","protected":false},"featured_media":36686,"template":"","meta":[],"product_brand":[],"product_cat":[124],"product_tag":[],"class_list":{"0":"post-36690","1":"product","2":"type-product","3":"status-publish","4":"has-post-thumbnail","6":"product_cat-ziedai","8":"first","9":"outofstock","10":"taxable","11":"shipping-taxable","12":"purchasable","13":"product-type-simple"},"jetpack_sharing_enabled":true,"_links":{"self":[{"href":"https:\/\/sventasmiskas.lt\/en\/wp-json\/wp\/v2\/product\/36690","targetHints":{"allow":["GET"]}}],"collection":[{"href":"https:\/\/sventasmiskas.lt\/en\/wp-json\/wp\/v2\/product"}],"about":[{"href":"https:\/\/sventasmiskas.lt\/en\/wp-json\/wp\/v2\/types\/product"}],"wp:featuredmedia":[{"embeddable":true,"href":"https:\/\/sventasmiskas.lt\/en\/wp-json\/wp\/v2\/media\/36686"}],"wp:attachment":[{"href":"https:\/\/sventasmiskas.lt\/en\/wp-json\/wp\/v2\/media?parent=36690"}],"wp:term":[{"taxonomy":"product_brand","embeddable":true,"href":"https:\/\/sventasmiskas.lt\/en\/wp-json\/wp\/v2\/product_brand?post=36690"},{"taxonomy":"product_cat","embeddable":true,"href":"https:\/\/sventasmiskas.lt\/en\/wp-json\/wp\/v2\/product_cat?post=36690"},{"taxonomy":"product_tag","embeddable":true,"href":"https:\/\/sventasmiskas.lt\/en\/wp-json\/wp\/v2\/product_tag?post=36690"}],"curies":[{"name":"wp","href":"https:\/\/api.w.org\/{rel}","templated":true}]}}