{"id":36683,"date":"2025-07-15T11:43:34","date_gmt":"2025-07-15T11:43:34","guid":{"rendered":"https:\/\/sventasmiskas.lt\/parduotuve\/aqua\/"},"modified":"2025-12-19T15:23:08","modified_gmt":"2025-12-19T15:23:08","slug":"aqua","status":"publish","type":"product","link":"https:\/\/sventasmiskas.lt\/en\/parduotuve\/aqua\/","title":{"rendered":"Aqua"},"content":{"rendered":"<p>\u269c Vienetinis gamti\u0161ko stiliaus sidabro \u017eiedas.<\/p>\n<p>\u269c \u017diedas su centriniu \u0161velniai melsvos spalvos akvamarinu ir penkiais \u0161oniniais moisonitais.<\/p>\n<p>\u269c Prabuota Latvijos prabavimo r\u016bmuose, sidabro praba 925, \u017eiedas sveria 2,74 g.<\/p>\n<p>\u269c Dydis 17,2 (gali b\u016bti padidintas arba pama\u017eintas, jei reikia dyd\u017eio korekcijos, susisiekite puslapyje nurodytais kontaktais).<\/p>","protected":false},"excerpt":{"rendered":"<p>\u269c Vienetinis gamti\u0161ko stiliaus sidabro \u017eiedas. \u269c \u017diedas su centriniu \u0161velniai melsvos spalvos akvamarinu ir penkiais \u0161oniniais moisonitais. \u269c Prabuota<\/p>","protected":false},"featured_media":36680,"template":"","meta":[],"product_brand":[],"product_cat":[21,124],"product_tag":[],"class_list":{"0":"post-36683","1":"product","2":"type-product","3":"status-publish","4":"has-post-thumbnail","6":"product_cat-no-category","7":"product_cat-ziedai","9":"first","10":"outofstock","11":"taxable","12":"shipping-taxable","13":"purchasable","14":"product-type-simple"},"jetpack_sharing_enabled":true,"_links":{"self":[{"href":"https:\/\/sventasmiskas.lt\/en\/wp-json\/wp\/v2\/product\/36683","targetHints":{"allow":["GET"]}}],"collection":[{"href":"https:\/\/sventasmiskas.lt\/en\/wp-json\/wp\/v2\/product"}],"about":[{"href":"https:\/\/sventasmiskas.lt\/en\/wp-json\/wp\/v2\/types\/product"}],"wp:featuredmedia":[{"embeddable":true,"href":"https:\/\/sventasmiskas.lt\/en\/wp-json\/wp\/v2\/media\/36680"}],"wp:attachment":[{"href":"https:\/\/sventasmiskas.lt\/en\/wp-json\/wp\/v2\/media?parent=36683"}],"wp:term":[{"taxonomy":"product_brand","embeddable":true,"href":"https:\/\/sventasmiskas.lt\/en\/wp-json\/wp\/v2\/product_brand?post=36683"},{"taxonomy":"product_cat","embeddable":true,"href":"https:\/\/sventasmiskas.lt\/en\/wp-json\/wp\/v2\/product_cat?post=36683"},{"taxonomy":"product_tag","embeddable":true,"href":"https:\/\/sventasmiskas.lt\/en\/wp-json\/wp\/v2\/product_tag?post=36683"}],"curies":[{"name":"wp","href":"https:\/\/api.w.org\/{rel}","templated":true}]}}