{"id":36678,"date":"2025-07-15T11:32:16","date_gmt":"2025-07-15T11:32:16","guid":{"rendered":"https:\/\/sventasmiskas.lt\/parduotuve\/zalia-meile\/"},"modified":"2025-10-28T19:34:30","modified_gmt":"2025-10-28T19:34:30","slug":"zalia-meile","status":"publish","type":"product","link":"https:\/\/sventasmiskas.lt\/en\/parduotuve\/zalia-meile\/","title":{"rendered":"\u017dalia meil\u0117"},"content":{"rendered":"<p>\u269c\ufe0e Autorinis detalus ir gamti\u0161kas dizainas.<\/p>\n<p>\u269c\ufe0e Sukurta su 7 mm \u017ealios spalvos peridoto akmeniu.<\/p>\n<p>\u269c\ufe0e Prabuota Latvijos prabavimo r\u016bmuose, sveria 3,04 g, 925 sidabro praba.<\/p>\n<p>\u269c\ufe0e \u017diedo dydis 15,8. Jei reikalingas kitoks dydis susisiekite puslapyje nurodytais kontaktais.<\/p>\n<p>\u269c Papuo\u0161alas parduodamas supakuotas dovan\u0173 d\u0117\u017eut\u0117je.<\/p>","protected":false},"excerpt":{"rendered":"<p>\u269c\ufe0e Autorinis detalus ir gamti\u0161kas dizainas. \u269c\ufe0e Sukurta su 7 mm \u017ealios spalvos peridoto akmeniu. \u269c\ufe0e Prabuota Latvijos prabavimo r\u016bmuose,<\/p>","protected":false},"featured_media":36675,"template":"","meta":[],"product_brand":[],"product_cat":[21,124],"product_tag":[],"class_list":{"0":"post-36678","1":"product","2":"type-product","3":"status-publish","4":"has-post-thumbnail","6":"product_cat-no-category","7":"product_cat-ziedai","9":"first","10":"instock","11":"taxable","12":"shipping-taxable","13":"purchasable","14":"product-type-simple"},"jetpack_sharing_enabled":true,"_links":{"self":[{"href":"https:\/\/sventasmiskas.lt\/en\/wp-json\/wp\/v2\/product\/36678","targetHints":{"allow":["GET"]}}],"collection":[{"href":"https:\/\/sventasmiskas.lt\/en\/wp-json\/wp\/v2\/product"}],"about":[{"href":"https:\/\/sventasmiskas.lt\/en\/wp-json\/wp\/v2\/types\/product"}],"wp:featuredmedia":[{"embeddable":true,"href":"https:\/\/sventasmiskas.lt\/en\/wp-json\/wp\/v2\/media\/36675"}],"wp:attachment":[{"href":"https:\/\/sventasmiskas.lt\/en\/wp-json\/wp\/v2\/media?parent=36678"}],"wp:term":[{"taxonomy":"product_brand","embeddable":true,"href":"https:\/\/sventasmiskas.lt\/en\/wp-json\/wp\/v2\/product_brand?post=36678"},{"taxonomy":"product_cat","embeddable":true,"href":"https:\/\/sventasmiskas.lt\/en\/wp-json\/wp\/v2\/product_cat?post=36678"},{"taxonomy":"product_tag","embeddable":true,"href":"https:\/\/sventasmiskas.lt\/en\/wp-json\/wp\/v2\/product_tag?post=36678"}],"curies":[{"name":"wp","href":"https:\/\/api.w.org\/{rel}","templated":true}]}}