{"id":36674,"date":"2025-07-15T11:25:23","date_gmt":"2025-07-15T11:25:23","guid":{"rendered":"https:\/\/sventasmiskas.lt\/parduotuve\/gaia\/"},"modified":"2025-10-28T19:34:30","modified_gmt":"2025-10-28T19:34:30","slug":"gaia","status":"publish","type":"product","link":"https:\/\/sventasmiskas.lt\/en\/parduotuve\/gaia\/","title":{"rendered":"Gaia"},"content":{"rendered":"<p><span>\u269c Gamti\u0161ko stiliaus sidabro \u017eiedas.<\/span><br \/>\n<span>\u269c \u017diedas su 6 mm dyd\u017eio \u017ealios spalvos peridotu. \u0160onuose \u012fd\u0117ti 4 moisonitai.<\/p>\n<p>\u269c Prabuota Latvijos prabavimo r\u016bmuose, sidabro praba 925, \u017eiedas sveria 2,66 g.<\/p>\n<p>\u269c Dydis 17,2 (dydis gali b\u016bti \u0161iek tiek kei\u010diamas, jei reikalingas kitoks dydis susisiekite puslapyje nurodytais kontaktais).<\/p>\n<p>\u269c Papuo\u0161alas parduodamas supakuotas dovan\u0173 d\u0117\u017eut\u0117je.<\/span><\/p>","protected":false},"excerpt":{"rendered":"<p>\u269c Gamti\u0161ko stiliaus sidabro \u017eiedas. \u269c \u017diedas su 6 mm dyd\u017eio \u017ealios spalvos peridotu. \u0160onuose \u012fd\u0117ti 4 moisonitai. \u269c Prabuota<\/p>","protected":false},"featured_media":36670,"template":"","meta":[],"product_brand":[],"product_cat":[21,124],"product_tag":[],"class_list":{"0":"post-36674","1":"product","2":"type-product","3":"status-publish","4":"has-post-thumbnail","6":"product_cat-no-category","7":"product_cat-ziedai","9":"first","10":"outofstock","11":"taxable","12":"shipping-taxable","13":"purchasable","14":"product-type-simple"},"jetpack_sharing_enabled":true,"_links":{"self":[{"href":"https:\/\/sventasmiskas.lt\/en\/wp-json\/wp\/v2\/product\/36674","targetHints":{"allow":["GET"]}}],"collection":[{"href":"https:\/\/sventasmiskas.lt\/en\/wp-json\/wp\/v2\/product"}],"about":[{"href":"https:\/\/sventasmiskas.lt\/en\/wp-json\/wp\/v2\/types\/product"}],"wp:featuredmedia":[{"embeddable":true,"href":"https:\/\/sventasmiskas.lt\/en\/wp-json\/wp\/v2\/media\/36670"}],"wp:attachment":[{"href":"https:\/\/sventasmiskas.lt\/en\/wp-json\/wp\/v2\/media?parent=36674"}],"wp:term":[{"taxonomy":"product_brand","embeddable":true,"href":"https:\/\/sventasmiskas.lt\/en\/wp-json\/wp\/v2\/product_brand?post=36674"},{"taxonomy":"product_cat","embeddable":true,"href":"https:\/\/sventasmiskas.lt\/en\/wp-json\/wp\/v2\/product_cat?post=36674"},{"taxonomy":"product_tag","embeddable":true,"href":"https:\/\/sventasmiskas.lt\/en\/wp-json\/wp\/v2\/product_tag?post=36674"}],"curies":[{"name":"wp","href":"https:\/\/api.w.org\/{rel}","templated":true}]}}