{"id":36614,"date":"2025-07-11T14:22:54","date_gmt":"2025-07-11T14:22:54","guid":{"rendered":"https:\/\/sventasmiskas.lt\/?post_type=product&#038;p=36614"},"modified":"2026-03-16T10:27:22","modified_gmt":"2026-03-16T10:27:22","slug":"nereides-dovana","status":"publish","type":"product","link":"https:\/\/sventasmiskas.lt\/en\/parduotuve\/nereides-dovana\/","title":{"rendered":"Nereid\u0117s dovana"},"content":{"rendered":"<p><span>\u269c\ufe0e Autorinis itin detalus ir eleganti\u0161kas dizainas.<\/span><br \/>\n<span>\u269c\ufe0e Sukurta su topazo ir moisonito akmenimis.<\/p>\n<p>\u269c\ufe0e Prabuota Latvijos prabavimo r\u016bmuose, sveria 2,69 g, 925 sidabro praba.<\/p>\n<p>\u269c Papuo\u0161alas parduodamas supakuotas  dovan\u0173 d\u0117\u017eut\u0117je.<\/span><\/p>","protected":false},"excerpt":{"rendered":"<p>\u269c\ufe0e Autorinis itin detalus ir eleganti\u0161kas dizainas. \u269c\ufe0e Sukurta su topazo ir moisonito akmenimis. \u269c\ufe0e Prabuota Latvijos prabavimo r\u016bmuose, sveria<\/p>","protected":false},"featured_media":36610,"template":"","meta":[],"product_brand":[],"product_cat":[124],"product_tag":[],"class_list":{"0":"post-36614","1":"product","2":"type-product","3":"status-publish","4":"has-post-thumbnail","6":"product_cat-ziedai","8":"first","9":"instock","10":"taxable","11":"shipping-taxable","12":"purchasable","13":"product-type-variable"},"jetpack_sharing_enabled":true,"_links":{"self":[{"href":"https:\/\/sventasmiskas.lt\/en\/wp-json\/wp\/v2\/product\/36614","targetHints":{"allow":["GET"]}}],"collection":[{"href":"https:\/\/sventasmiskas.lt\/en\/wp-json\/wp\/v2\/product"}],"about":[{"href":"https:\/\/sventasmiskas.lt\/en\/wp-json\/wp\/v2\/types\/product"}],"wp:featuredmedia":[{"embeddable":true,"href":"https:\/\/sventasmiskas.lt\/en\/wp-json\/wp\/v2\/media\/36610"}],"wp:attachment":[{"href":"https:\/\/sventasmiskas.lt\/en\/wp-json\/wp\/v2\/media?parent=36614"}],"wp:term":[{"taxonomy":"product_brand","embeddable":true,"href":"https:\/\/sventasmiskas.lt\/en\/wp-json\/wp\/v2\/product_brand?post=36614"},{"taxonomy":"product_cat","embeddable":true,"href":"https:\/\/sventasmiskas.lt\/en\/wp-json\/wp\/v2\/product_cat?post=36614"},{"taxonomy":"product_tag","embeddable":true,"href":"https:\/\/sventasmiskas.lt\/en\/wp-json\/wp\/v2\/product_tag?post=36614"}],"curies":[{"name":"wp","href":"https:\/\/api.w.org\/{rel}","templated":true}]}}