{"id":36603,"date":"2025-07-09T10:45:15","date_gmt":"2025-07-09T10:45:15","guid":{"rendered":"https:\/\/sventasmiskas.lt\/parduotuve\/ziedu-dydziu-matuoklis\/"},"modified":"2026-05-10T07:33:33","modified_gmt":"2026-05-10T07:33:33","slug":"ziedu-dydziu-matuoklis","status":"publish","type":"product","link":"https:\/\/sventasmiskas.lt\/en\/parduotuve\/ziedu-dydziu-matuoklis\/","title":{"rendered":"\u017died\u0173 dyd\u017ei\u0173 matuoklis"},"content":{"rendered":"<p>Ne\u017einai savo \u017eiedo dyd\u017eio? Nuo \u0161iol tai \u2013 ne problema.<\/p>\n<p>I\u0161simatuok savo arba artimo \u017emogaus pir\u0161tus patogiai namuose.<br \/>\nPlatus dyd\u017ei\u0173 pasirinkimas leis tiksliai nustatyti tinkamiausi\u0105 \u2013 nuo ma\u017eojo iki stambesnio pir\u0161to.<\/p>\n<p>Tinka ir tada, kai nori i\u0161matuoti slapta \u2013 nustebinti mylim\u0105 \u017emog\u0173 dar niekada nebuvo taip paprasta.<br \/>\nPrakti\u0161kas, patogus ir tikslus sprendimas kiekvienam.<\/p>\n<p><strong>Patarimai juo naudojantis<\/strong><\/p>\n<p>1. U\u017esimauk lyg matuotumeisi \u017eied\u0105.<\/p>\n<p>2. I\u0161bandyk kelis dyd\u017eius ir i\u0161sirink tinkamiausi\u0105.<\/p>\n<p>3. Kiekvienas matuoklio \u017eiedelis pa\u017eym\u0117tas  dyd\u017eiais, pavyzd\u017eiui, ant ma\u017eiausio matysis skai\u010dius:<\/p>\n<p>0 (US matavimo sistema)<br \/>\nA (UK matavimo sistema),<br \/>\n36.4 (EU matavimo sistema),<br \/>\n11.58 (<strong>vidinio diametro dydis milimetrais<\/strong>) \u2013 b\u016btent j\u012f ir naudok renkantis \u017eied\u0105 \u0160vento Mi\u0161ko parduotuv\u0117je.<\/p>\n<p><em>Nepamir\u0161k, kad:<\/em><\/p>\n<p><em>\u269c Matuotis reikia nesu\u0161ilus ir nesu\u0161alus pir\u0161t\u0173. <\/em><br \/>\n<span><em>\u269c<\/em><\/span><span><span><em> <\/em><\/span><\/span><em>\u017diedas turi nekristi nuo pir\u0161to, bet jaustis patogiai. <\/em><\/p>\n<p><span><em>\u269c<\/em><\/span><span><span><em> <\/em><\/span><\/span><em>Jei renkates plat\u0173 \u017eied\u0105 &#8211; prid\u0117kite 0,5 dyd\u017eio. <\/em><\/p>","protected":false},"excerpt":{"rendered":"<p>Ne\u017einai savo \u017eiedo dyd\u017eio? Nuo \u0161iol tai \u2013 ne problema. I\u0161simatuok savo arba artimo \u017emogaus pir\u0161tus patogiai namuose. Platus dyd\u017ei\u0173<\/p>","protected":false},"featured_media":36602,"template":"","meta":[],"product_brand":[],"product_cat":[124],"product_tag":[],"class_list":{"0":"post-36603","1":"product","2":"type-product","3":"status-publish","4":"has-post-thumbnail","6":"product_cat-ziedai","8":"first","9":"outofstock","10":"taxable","11":"shipping-taxable","12":"purchasable","13":"product-type-simple"},"jetpack_sharing_enabled":true,"_links":{"self":[{"href":"https:\/\/sventasmiskas.lt\/en\/wp-json\/wp\/v2\/product\/36603","targetHints":{"allow":["GET"]}}],"collection":[{"href":"https:\/\/sventasmiskas.lt\/en\/wp-json\/wp\/v2\/product"}],"about":[{"href":"https:\/\/sventasmiskas.lt\/en\/wp-json\/wp\/v2\/types\/product"}],"wp:featuredmedia":[{"embeddable":true,"href":"https:\/\/sventasmiskas.lt\/en\/wp-json\/wp\/v2\/media\/36602"}],"wp:attachment":[{"href":"https:\/\/sventasmiskas.lt\/en\/wp-json\/wp\/v2\/media?parent=36603"}],"wp:term":[{"taxonomy":"product_brand","embeddable":true,"href":"https:\/\/sventasmiskas.lt\/en\/wp-json\/wp\/v2\/product_brand?post=36603"},{"taxonomy":"product_cat","embeddable":true,"href":"https:\/\/sventasmiskas.lt\/en\/wp-json\/wp\/v2\/product_cat?post=36603"},{"taxonomy":"product_tag","embeddable":true,"href":"https:\/\/sventasmiskas.lt\/en\/wp-json\/wp\/v2\/product_tag?post=36603"}],"curies":[{"name":"wp","href":"https:\/\/api.w.org\/{rel}","templated":true}]}}