{"id":36593,"date":"2025-07-09T10:15:18","date_gmt":"2025-07-09T10:15:18","guid":{"rendered":"https:\/\/sventasmiskas.lt\/?post_type=product&#038;p=36593"},"modified":"2025-10-28T19:34:39","modified_gmt":"2025-10-28T19:34:39","slug":"egle-zalciu-karaliene","status":"publish","type":"product","link":"https:\/\/sventasmiskas.lt\/en\/parduotuve\/egle-zalciu-karaliene\/","title":{"rendered":"Egl\u0117 \u017eal\u010di\u0173 karalien\u0117"},"content":{"rendered":"<p>\u269c Itin detalus tamsinto sidabro pakabukas su 35 mm dyd\u017eio \u017eal\u010diu.<\/p>\n<p>\u269c Papuo\u0161alo dizainas \u012fkv\u0117ptas pagoni\u0161kos simbolikos.<\/p>\n<p>\u269c Prabuota Latvijos prabavimo r\u016bmuose, papuo\u0161alo svoris su grandin\u0117le 6,9 g.<\/p>\n<p>\u269c Papuo\u0161alas parduodamas supakuotas dovan\u0173 d\u0117\u017eut\u0117je.<\/p>","protected":false},"excerpt":{"rendered":"<p>\u269c Itin detalus tamsinto sidabro pakabukas su 35 mm dyd\u017eio \u017eal\u010diu. \u269c Papuo\u0161alo dizainas \u012fkv\u0117ptas pagoni\u0161kos simbolikos. \u269c Prabuota Latvijos<\/p>","protected":false},"featured_media":36596,"template":"","meta":[],"product_brand":[],"product_cat":[125],"product_tag":[],"class_list":{"0":"post-36593","1":"product","2":"type-product","3":"status-publish","4":"has-post-thumbnail","6":"product_cat-kaklo-papuosalai","8":"first","9":"instock","10":"taxable","11":"shipping-taxable","12":"purchasable","13":"product-type-variable"},"jetpack_sharing_enabled":true,"_links":{"self":[{"href":"https:\/\/sventasmiskas.lt\/en\/wp-json\/wp\/v2\/product\/36593","targetHints":{"allow":["GET"]}}],"collection":[{"href":"https:\/\/sventasmiskas.lt\/en\/wp-json\/wp\/v2\/product"}],"about":[{"href":"https:\/\/sventasmiskas.lt\/en\/wp-json\/wp\/v2\/types\/product"}],"wp:featuredmedia":[{"embeddable":true,"href":"https:\/\/sventasmiskas.lt\/en\/wp-json\/wp\/v2\/media\/36596"}],"wp:attachment":[{"href":"https:\/\/sventasmiskas.lt\/en\/wp-json\/wp\/v2\/media?parent=36593"}],"wp:term":[{"taxonomy":"product_brand","embeddable":true,"href":"https:\/\/sventasmiskas.lt\/en\/wp-json\/wp\/v2\/product_brand?post=36593"},{"taxonomy":"product_cat","embeddable":true,"href":"https:\/\/sventasmiskas.lt\/en\/wp-json\/wp\/v2\/product_cat?post=36593"},{"taxonomy":"product_tag","embeddable":true,"href":"https:\/\/sventasmiskas.lt\/en\/wp-json\/wp\/v2\/product_tag?post=36593"}],"curies":[{"name":"wp","href":"https:\/\/api.w.org\/{rel}","templated":true}]}}