{"id":36554,"date":"2025-06-30T08:25:11","date_gmt":"2025-06-30T08:25:11","guid":{"rendered":"https:\/\/sventasmiskas.lt\/parduotuve\/santa-muerte\/"},"modified":"2025-10-28T19:34:40","modified_gmt":"2025-10-28T19:34:40","slug":"santa-muerte","status":"publish","type":"product","link":"https:\/\/sventasmiskas.lt\/en\/parduotuve\/santa-muerte\/","title":{"rendered":"Santa Muerte"},"content":{"rendered":"<p style=\"margin:0px0px20px;padding:0px;border:0px;vertical-align:baseline;font-style:normal;font-weight:400;line-height:inherit;font-family:Poppins,Arial,Helvetica,sans-serif;font-size:15px;letter-spacing:normal;text-transform:none;text-align:left\"><span style=\"margin:0px;padding:0px;border:0px;vertical-align:baseline;font-style:inherit;font-variant:inherit;font-weight:inherit;line-height:inherit;font-family:inherit;font-size:15px\">\u269c\ufe0e <\/span>Santa Muerte globoja visus \u2013 ypa\u010d tuos, kuriuos pasaulis pamir\u0161o. \u0160iame \u017eiede kaukol\u0117 ir \u017eiedai susilieja \u012f vien\u0105 simbol\u012f \u2013 mirtis ir gyvyb\u0117, gro\u017eis ir apsauga. Tai tylus, bet stiprus priminimas gyventi dr\u0105siai ir pilnai.<\/p>\n<p style=\"margin:0px0px20px;padding:0px;border:0px;vertical-align:baseline;font-style:normal;font-weight:400;line-height:inherit;font-family:Poppins,Arial,Helvetica,sans-serif;font-size:15px;letter-spacing:normal;text-transform:none;text-align:left\"><span style=\"margin:0px;padding:0px;border:0px;vertical-align:baseline;font-style:inherit;font-variant:inherit;font-weight:inherit;line-height:inherit;font-family:inherit;font-size:15px\">\u269c\ufe0e Sukurta i\u0161 925 prabos tamsinto sidabro.<\/span><\/p>\n<p style=\"margin:0px0px20px;padding:0px;border:0px;vertical-align:baseline;font-style:normal;font-weight:400;line-height:inherit;font-family:Poppins,Arial,Helvetica,sans-serif;font-size:15px;letter-spacing:normal;text-transform:none;text-align:left\">\u269c\ufe0e \u017diedai skirtingo dyd\u017eio (taip pat esant poreikiui gali b\u016bti \u0161iek tiek didinami ar ma\u017einami, norint \u012fsigyti kitokio dyd\u017eio, susisiekite puslapyje nurodytais kontaktais).<\/p>\n<p style=\"margin:0px;padding:0px;border:0px;vertical-align:baseline;font-style:normal;font-weight:400;line-height:inherit;font-family:Poppins,Arial,Helvetica,sans-serif;font-size:15px;letter-spacing:normal;text-transform:none;text-align:left\">\u269c\ufe0e Prabuota Latvijos prabavimo r\u016bmuose, sveria 2,41 g.<\/p>","protected":false},"excerpt":{"rendered":"<p>\u269c\ufe0e Santa Muerte globoja visus \u2013 ypa\u010d tuos, kuriuos pasaulis pamir\u0161o. \u0160iame \u017eiede kaukol\u0117 ir \u017eiedai susilieja \u012f vien\u0105 simbol\u012f<\/p>","protected":false},"featured_media":36553,"template":"","meta":[],"product_brand":[],"product_cat":[124],"product_tag":[],"class_list":{"0":"post-36554","1":"product","2":"type-product","3":"status-publish","4":"has-post-thumbnail","6":"product_cat-ziedai","8":"first","9":"instock","10":"taxable","11":"shipping-taxable","12":"purchasable","13":"product-type-variable"},"jetpack_sharing_enabled":true,"_links":{"self":[{"href":"https:\/\/sventasmiskas.lt\/en\/wp-json\/wp\/v2\/product\/36554","targetHints":{"allow":["GET"]}}],"collection":[{"href":"https:\/\/sventasmiskas.lt\/en\/wp-json\/wp\/v2\/product"}],"about":[{"href":"https:\/\/sventasmiskas.lt\/en\/wp-json\/wp\/v2\/types\/product"}],"wp:featuredmedia":[{"embeddable":true,"href":"https:\/\/sventasmiskas.lt\/en\/wp-json\/wp\/v2\/media\/36553"}],"wp:attachment":[{"href":"https:\/\/sventasmiskas.lt\/en\/wp-json\/wp\/v2\/media?parent=36554"}],"wp:term":[{"taxonomy":"product_brand","embeddable":true,"href":"https:\/\/sventasmiskas.lt\/en\/wp-json\/wp\/v2\/product_brand?post=36554"},{"taxonomy":"product_cat","embeddable":true,"href":"https:\/\/sventasmiskas.lt\/en\/wp-json\/wp\/v2\/product_cat?post=36554"},{"taxonomy":"product_tag","embeddable":true,"href":"https:\/\/sventasmiskas.lt\/en\/wp-json\/wp\/v2\/product_tag?post=36554"}],"curies":[{"name":"wp","href":"https:\/\/api.w.org\/{rel}","templated":true}]}}