{"id":36531,"date":"2025-06-25T20:05:45","date_gmt":"2025-06-25T20:05:45","guid":{"rendered":"https:\/\/sventasmiskas.lt\/parduotuve\/laumes-sakele\/"},"modified":"2025-10-28T19:34:30","modified_gmt":"2025-10-28T19:34:30","slug":"laumes-sakele","status":"publish","type":"product","link":"https:\/\/sventasmiskas.lt\/en\/parduotuve\/laumes-sakele\/","title":{"rendered":"Laum\u0117s \u0161akel\u0117"},"content":{"rendered":"<p>\u269c Vienetinis smulkus gamti\u0161ko stiliaus geltono aukso \u017eiedas.<\/p>\n<p>\u269c \u017diedas su centriniu \u017eydros spalvos deimantu 0,15 ct dyd\u017eio. Brangakmenio autenti\u0161kumas patvirtintas prabavimo r\u016bm\u0173 etiket\u0117je, akmens specifikacijos para\u0161ytos paskutin\u0117je nuotraukoje.<\/p>\n<p>\u269c Prabuota Latvijos prabavimo r\u016bmuose, aukso praba 585, \u017eiedas sveria 1,48 g.<\/p>\n<p>\u269c Dydis 15,2 (gali b\u016bti padidintas arba pama\u017eintas, jei reikia dyd\u017eio korekcijos, susisiekite puslapyje nurodytais kontaktais).<\/p>","protected":false},"excerpt":{"rendered":"<p>\u269c Vienetinis smulkus gamti\u0161ko stiliaus geltono aukso \u017eiedas. \u269c \u017diedas su centriniu \u017eydros spalvos deimantu 0,15 ct dyd\u017eio. Brangakmenio autenti\u0161kumas<\/p>","protected":false},"featured_media":36527,"template":"","meta":[],"product_brand":[],"product_cat":[124],"product_tag":[],"class_list":{"0":"post-36531","1":"product","2":"type-product","3":"status-publish","4":"has-post-thumbnail","6":"product_cat-ziedai","8":"first","9":"outofstock","10":"taxable","11":"shipping-taxable","12":"purchasable","13":"product-type-simple"},"jetpack_sharing_enabled":true,"_links":{"self":[{"href":"https:\/\/sventasmiskas.lt\/en\/wp-json\/wp\/v2\/product\/36531","targetHints":{"allow":["GET"]}}],"collection":[{"href":"https:\/\/sventasmiskas.lt\/en\/wp-json\/wp\/v2\/product"}],"about":[{"href":"https:\/\/sventasmiskas.lt\/en\/wp-json\/wp\/v2\/types\/product"}],"wp:featuredmedia":[{"embeddable":true,"href":"https:\/\/sventasmiskas.lt\/en\/wp-json\/wp\/v2\/media\/36527"}],"wp:attachment":[{"href":"https:\/\/sventasmiskas.lt\/en\/wp-json\/wp\/v2\/media?parent=36531"}],"wp:term":[{"taxonomy":"product_brand","embeddable":true,"href":"https:\/\/sventasmiskas.lt\/en\/wp-json\/wp\/v2\/product_brand?post=36531"},{"taxonomy":"product_cat","embeddable":true,"href":"https:\/\/sventasmiskas.lt\/en\/wp-json\/wp\/v2\/product_cat?post=36531"},{"taxonomy":"product_tag","embeddable":true,"href":"https:\/\/sventasmiskas.lt\/en\/wp-json\/wp\/v2\/product_tag?post=36531"}],"curies":[{"name":"wp","href":"https:\/\/api.w.org\/{rel}","templated":true}]}}