{"id":36505,"date":"2025-06-05T14:55:40","date_gmt":"2025-06-05T14:55:40","guid":{"rendered":"https:\/\/sventasmiskas.lt\/parduotuve\/laumzirgiai\/"},"modified":"2025-10-28T19:34:30","modified_gmt":"2025-10-28T19:34:30","slug":"laumzirgiai","status":"publish","type":"product","link":"https:\/\/sventasmiskas.lt\/en\/parduotuve\/laumzirgiai\/","title":{"rendered":"Laum\u017eirgiai"},"content":{"rendered":"<p>\u269c\ufe0e Puikiai tinka kasdieniam ne\u0161iojimui, nedideli \u2013 auskar\u0173 ilgis kartu su u\u017esegimu 4 cm.<\/p>\n<p>\u269c\ufe0e Auskarai primena suma\u017eintus tikrus laum\u017eirgius.<\/p>\n<p>\u269c\ufe0e Auskarai ir j\u0173 u\u017esegimai pagaminti i\u0161 925 prabos sidabro, auskar\u0173 svoris 4,6 g.<\/p>\n<p>\u269c\ufe0e Prabuoti Latvijos prabavimo r\u016bmuose.<\/p>","protected":false},"excerpt":{"rendered":"<p>\u269c\ufe0e Puikiai tinka kasdieniam ne\u0161iojimui, nedideli \u2013 auskar\u0173 ilgis kartu su u\u017esegimu 4 cm. \u269c\ufe0e Auskarai primena suma\u017eintus tikrus laum\u017eirgius.<\/p>","protected":false},"featured_media":36501,"template":"","meta":[],"product_brand":[],"product_cat":[123],"product_tag":[],"class_list":{"0":"post-36505","1":"product","2":"type-product","3":"status-publish","4":"has-post-thumbnail","6":"product_cat-auskarai","8":"first","9":"outofstock","10":"taxable","11":"shipping-taxable","12":"purchasable","13":"product-type-simple"},"jetpack_sharing_enabled":true,"_links":{"self":[{"href":"https:\/\/sventasmiskas.lt\/en\/wp-json\/wp\/v2\/product\/36505","targetHints":{"allow":["GET"]}}],"collection":[{"href":"https:\/\/sventasmiskas.lt\/en\/wp-json\/wp\/v2\/product"}],"about":[{"href":"https:\/\/sventasmiskas.lt\/en\/wp-json\/wp\/v2\/types\/product"}],"wp:featuredmedia":[{"embeddable":true,"href":"https:\/\/sventasmiskas.lt\/en\/wp-json\/wp\/v2\/media\/36501"}],"wp:attachment":[{"href":"https:\/\/sventasmiskas.lt\/en\/wp-json\/wp\/v2\/media?parent=36505"}],"wp:term":[{"taxonomy":"product_brand","embeddable":true,"href":"https:\/\/sventasmiskas.lt\/en\/wp-json\/wp\/v2\/product_brand?post=36505"},{"taxonomy":"product_cat","embeddable":true,"href":"https:\/\/sventasmiskas.lt\/en\/wp-json\/wp\/v2\/product_cat?post=36505"},{"taxonomy":"product_tag","embeddable":true,"href":"https:\/\/sventasmiskas.lt\/en\/wp-json\/wp\/v2\/product_tag?post=36505"}],"curies":[{"name":"wp","href":"https:\/\/api.w.org\/{rel}","templated":true}]}}