{"id":36469,"date":"2025-05-30T12:58:36","date_gmt":"2025-05-30T12:58:36","guid":{"rendered":"https:\/\/sventasmiskas.lt\/parduotuve\/druska-ir-pipirai\/"},"modified":"2025-12-05T13:41:49","modified_gmt":"2025-12-05T13:41:49","slug":"druska-ir-pipirai","status":"publish","type":"product","link":"https:\/\/sventasmiskas.lt\/en\/parduotuve\/druska-ir-pipirai\/","title":{"rendered":"Druska ir pipirai"},"content":{"rendered":"<p style=\"padding:0px;border:0px;vertical-align:baseline;font:inherit;letter-spacing:normal;text-transform:none;background:transparent;margin:0px;text-align:left\">\u269c Vienetinis gamti\u0161ko stiliaus geltono aukso \u017eiedas.<\/p>\n<p style=\"margin:0px0px20px;padding:0px;border:0px;vertical-align:baseline;font-style:normal;font-weight:400;line-height:inherit;font-family:Poppins,Arial,Helvetica,sans-serif;font-size:15px;letter-spacing:normal;text-transform:none;text-align:left\">\u269c \u017diedas su centriniu 1,2 ct dyd\u017eio salt &amp; pepper deimantu. Brangakmenio autenti\u0161kumas patvirtintas prabavimo r\u016bm\u0173 etiket\u0117je, akmens specifikacijos para\u0161ytos paskutin\u0117je nuotraukoje.<\/p>\n<p style=\"margin:0px0px20px;padding:0px;border:0px;vertical-align:baseline;font-style:normal;font-weight:400;line-height:inherit;font-family:Poppins,Arial,Helvetica,sans-serif;font-size:15px;letter-spacing:normal;text-transform:none;text-align:left\">\u269c Prabuota Latvijos prabavimo r\u016bmuose, aukso praba 585, \u017eiedas sveria 3,4 g.<\/p>\n<p style=\"margin:0px;padding:0px;border:0px;vertical-align:baseline;font-style:normal;font-weight:400;line-height:inherit;font-family:Poppins,Arial,Helvetica,sans-serif;font-size:15px;letter-spacing:normal;text-transform:none;text-align:left\">\u269c Dydis 16 (gali b\u016bti padidintas arba pama\u017eintas, jei reikia dyd\u017eio korekcijos, susisiekite puslapyje nurodytais kontaktais).<\/p>","protected":false},"excerpt":{"rendered":"<p>\u269c Vienetinis gamti\u0161ko stiliaus geltono aukso \u017eiedas. \u269c \u017diedas su centriniu 1,2 ct dyd\u017eio salt &amp; pepper deimantu. Brangakmenio autenti\u0161kumas<\/p>","protected":false},"featured_media":36463,"template":"","meta":[],"product_brand":[],"product_cat":[221,124],"product_tag":[],"class_list":{"0":"post-36469","1":"product","2":"type-product","3":"status-publish","4":"has-post-thumbnail","6":"product_cat-juvelyrika-is-aukso","7":"product_cat-ziedai","9":"first","10":"instock","11":"taxable","12":"shipping-taxable","13":"purchasable","14":"product-type-simple"},"jetpack_sharing_enabled":true,"_links":{"self":[{"href":"https:\/\/sventasmiskas.lt\/en\/wp-json\/wp\/v2\/product\/36469","targetHints":{"allow":["GET"]}}],"collection":[{"href":"https:\/\/sventasmiskas.lt\/en\/wp-json\/wp\/v2\/product"}],"about":[{"href":"https:\/\/sventasmiskas.lt\/en\/wp-json\/wp\/v2\/types\/product"}],"wp:featuredmedia":[{"embeddable":true,"href":"https:\/\/sventasmiskas.lt\/en\/wp-json\/wp\/v2\/media\/36463"}],"wp:attachment":[{"href":"https:\/\/sventasmiskas.lt\/en\/wp-json\/wp\/v2\/media?parent=36469"}],"wp:term":[{"taxonomy":"product_brand","embeddable":true,"href":"https:\/\/sventasmiskas.lt\/en\/wp-json\/wp\/v2\/product_brand?post=36469"},{"taxonomy":"product_cat","embeddable":true,"href":"https:\/\/sventasmiskas.lt\/en\/wp-json\/wp\/v2\/product_cat?post=36469"},{"taxonomy":"product_tag","embeddable":true,"href":"https:\/\/sventasmiskas.lt\/en\/wp-json\/wp\/v2\/product_tag?post=36469"}],"curies":[{"name":"wp","href":"https:\/\/api.w.org\/{rel}","templated":true}]}}