{"id":36458,"date":"2025-05-30T12:18:15","date_gmt":"2025-05-30T12:18:15","guid":{"rendered":"https:\/\/sventasmiskas.lt\/parduotuve\/tylus-pazadas\/"},"modified":"2025-10-28T19:34:30","modified_gmt":"2025-10-28T19:34:30","slug":"tylus-pazadas","status":"publish","type":"product","link":"https:\/\/sventasmiskas.lt\/en\/parduotuve\/tylus-pazadas\/","title":{"rendered":"Tylus pa\u017eadas"},"content":{"rendered":"<p style=\"padding:0px;border:0px;vertical-align:baseline;font:inherit;letter-spacing:normal;text-transform:none;background:transparent;margin:0px;text-align:left\">\u269c Vienetinis prabangus gamti\u0161ko stiliaus rausvo aukso \u017eiedas.<\/p>\n<p style=\"margin:0px0px20px;padding:0px;border:0px;vertical-align:baseline;font-style:normal;font-weight:400;line-height:inherit;font-family:Poppins,Arial,Helvetica,sans-serif;font-size:15px;letter-spacing:normal;text-transform:none;text-align:left\">\u269c \u017diedas su centriniu 0,55 ct \u0161ampaniniu deimantu ir penkiais baltais briliantais, kuri\u0173 bendras svoris 0,17 ct. Brangakmeni\u0173 autenti\u0161kumas patvirtintas prabavimo r\u016bm\u0173 etiket\u0117je, akmen\u0173 specifikacijos para\u0161ytos paskutin\u0117je nuotraukoje.<\/p>\n<p style=\"margin:0px0px20px;padding:0px;border:0px;vertical-align:baseline;font-style:normal;font-weight:400;line-height:inherit;font-family:Poppins,Arial,Helvetica,sans-serif;font-size:15px;letter-spacing:normal;text-transform:none;text-align:left\">\u269c Prabuota Latvijos prabavimo r\u016bmuose, aukso praba 585, \u017eiedas sveria 3,41 g.<\/p>\n<p style=\"margin:0px;padding:0px;border:0px;vertical-align:baseline;font-style:normal;font-weight:400;line-height:inherit;font-family:Poppins,Arial,Helvetica,sans-serif;font-size:15px;letter-spacing:normal;text-transform:none;text-align:left\">\u269c Dydis 16,7 (gali b\u016bti padidintas arba pama\u017eintas, jei reikia dyd\u017eio korekcijos, susisiekite puslapyje nurodytais kontaktais).<\/p>","protected":false},"excerpt":{"rendered":"<p>\u269c Vienetinis prabangus gamti\u0161ko stiliaus rausvo aukso \u017eiedas. \u269c \u017diedas su centriniu 0,55 ct \u0161ampaniniu deimantu ir penkiais baltais briliantais,<\/p>","protected":false},"featured_media":36455,"template":"","meta":[],"product_brand":[],"product_cat":[124],"product_tag":[],"class_list":{"0":"post-36458","1":"product","2":"type-product","3":"status-publish","4":"has-post-thumbnail","6":"product_cat-ziedai","8":"first","9":"outofstock","10":"taxable","11":"shipping-taxable","12":"purchasable","13":"product-type-simple"},"jetpack_sharing_enabled":true,"_links":{"self":[{"href":"https:\/\/sventasmiskas.lt\/en\/wp-json\/wp\/v2\/product\/36458","targetHints":{"allow":["GET"]}}],"collection":[{"href":"https:\/\/sventasmiskas.lt\/en\/wp-json\/wp\/v2\/product"}],"about":[{"href":"https:\/\/sventasmiskas.lt\/en\/wp-json\/wp\/v2\/types\/product"}],"wp:featuredmedia":[{"embeddable":true,"href":"https:\/\/sventasmiskas.lt\/en\/wp-json\/wp\/v2\/media\/36455"}],"wp:attachment":[{"href":"https:\/\/sventasmiskas.lt\/en\/wp-json\/wp\/v2\/media?parent=36458"}],"wp:term":[{"taxonomy":"product_brand","embeddable":true,"href":"https:\/\/sventasmiskas.lt\/en\/wp-json\/wp\/v2\/product_brand?post=36458"},{"taxonomy":"product_cat","embeddable":true,"href":"https:\/\/sventasmiskas.lt\/en\/wp-json\/wp\/v2\/product_cat?post=36458"},{"taxonomy":"product_tag","embeddable":true,"href":"https:\/\/sventasmiskas.lt\/en\/wp-json\/wp\/v2\/product_tag?post=36458"}],"curies":[{"name":"wp","href":"https:\/\/api.w.org\/{rel}","templated":true}]}}