{"id":36427,"date":"2025-05-30T09:49:53","date_gmt":"2025-05-30T09:49:53","guid":{"rendered":"https:\/\/sventasmiskas.lt\/parduotuve\/amzinas-pavasaris-2\/"},"modified":"2025-10-28T19:34:30","modified_gmt":"2025-10-28T19:34:30","slug":"amzinas-pavasaris-2","status":"publish","type":"product","link":"https:\/\/sventasmiskas.lt\/en\/parduotuve\/amzinas-pavasaris-2\/","title":{"rendered":"Eternal spring"},"content":{"rendered":"<pre class=\"skK8UF\" data-hook=\"description\" style=\"background:transparent;border:0px;margin:0px;padding:0px;vertical-align:baseline;font-family:inherit;font-size:15px;font-style:normal;font-weight:400;letter-spacing:normal;text-transform:none\"><\/pre>\n<p style=\"background:transparent;border:0px;margin:0px;padding:0px;vertical-align:baseline;font:inherit\">\u269c Vienetinis gamti\u0161ko stiliaus rausvo aukso \u017eiedas.<\/p>\n<p>\u269c \u017diedas su centriniu 0,75 ct dyd\u017eio \u017ealsvos spalvos safyru ir penkiais dvispalviais (m\u0117lynai geltoni) \u0161oniniais safyrais, kuri\u0173 bendras svoris 0,27 ct. Brangakmeni\u0173 autenti\u0161kumas patvirtintas prabavimo r\u016bm\u0173 etiket\u0117je, akmen\u0173 specifikacijos para\u0161ytos paskutin\u0117je nuotraukoje.<\/p>\n<p>\u269c Prabuota Latvijos prabavimo r\u016bmuose, aukso praba 585, \u017eiedas sveria 3,27 g.<\/p>\n<p>\u269c Dydis 16 (gali b\u016bti padidintas arba pama\u017eintas, jei reikia dyd\u017eio korekcijos, susisiekite puslapyje nurodytais kontaktais).<\/p>","protected":false},"excerpt":{"rendered":"<p>\u269c Vienetinis gamti\u0161ko stiliaus rausvo aukso \u017eiedas. \u269c \u017diedas su centriniu 0,75 ct dyd\u017eio \u017ealsvos spalvos safyru ir penkiais dvispalviais<\/p>","protected":false},"featured_media":36418,"template":"","meta":[],"product_brand":[],"product_cat":[124],"product_tag":[],"class_list":{"0":"post-36427","1":"product","2":"type-product","3":"status-publish","4":"has-post-thumbnail","6":"product_cat-ziedai","8":"first","9":"outofstock","10":"taxable","11":"shipping-taxable","12":"purchasable","13":"product-type-simple"},"jetpack_sharing_enabled":true,"_links":{"self":[{"href":"https:\/\/sventasmiskas.lt\/en\/wp-json\/wp\/v2\/product\/36427","targetHints":{"allow":["GET"]}}],"collection":[{"href":"https:\/\/sventasmiskas.lt\/en\/wp-json\/wp\/v2\/product"}],"about":[{"href":"https:\/\/sventasmiskas.lt\/en\/wp-json\/wp\/v2\/types\/product"}],"wp:featuredmedia":[{"embeddable":true,"href":"https:\/\/sventasmiskas.lt\/en\/wp-json\/wp\/v2\/media\/36418"}],"wp:attachment":[{"href":"https:\/\/sventasmiskas.lt\/en\/wp-json\/wp\/v2\/media?parent=36427"}],"wp:term":[{"taxonomy":"product_brand","embeddable":true,"href":"https:\/\/sventasmiskas.lt\/en\/wp-json\/wp\/v2\/product_brand?post=36427"},{"taxonomy":"product_cat","embeddable":true,"href":"https:\/\/sventasmiskas.lt\/en\/wp-json\/wp\/v2\/product_cat?post=36427"},{"taxonomy":"product_tag","embeddable":true,"href":"https:\/\/sventasmiskas.lt\/en\/wp-json\/wp\/v2\/product_tag?post=36427"}],"curies":[{"name":"wp","href":"https:\/\/api.w.org\/{rel}","templated":true}]}}