{"id":36198,"date":"2025-05-12T18:59:16","date_gmt":"2025-05-12T18:59:16","guid":{"rendered":"https:\/\/sventasmiskas.bool.lt\/?post_type=product&#038;p=36198"},"modified":"2025-10-28T19:34:40","modified_gmt":"2025-10-28T19:34:40","slug":"dovanu-kuponas","status":"publish","type":"product","link":"https:\/\/sventasmiskas.lt\/en\/parduotuve\/dovanu-kuponas\/","title":{"rendered":"Gift voucher"},"content":{"rendered":"<p>Kuponas galioja 6 m\u0117nesius.<\/p>\n<p>Jis yra elektroninis, atsiun\u010diamas gav\u0117jo elektroniniu pa\u0161tu.<\/p>","protected":false},"excerpt":{"rendered":"<p>Kuponas galioja 6 m\u0117nesius. Jis yra elektroninis, atsiun\u010diamas gav\u0117jo elektroniniu pa\u0161tu.<\/p>","protected":false},"featured_media":36226,"template":"","meta":[],"product_brand":[],"product_cat":[218],"product_tag":[],"class_list":{"0":"post-36198","1":"product","2":"type-product","3":"status-publish","4":"has-post-thumbnail","6":"product_cat-dovanu-kuponai","8":"first","9":"instock","10":"sold-individually","11":"purchasable","12":"product-type-variable"},"jetpack_sharing_enabled":true,"_links":{"self":[{"href":"https:\/\/sventasmiskas.lt\/en\/wp-json\/wp\/v2\/product\/36198","targetHints":{"allow":["GET"]}}],"collection":[{"href":"https:\/\/sventasmiskas.lt\/en\/wp-json\/wp\/v2\/product"}],"about":[{"href":"https:\/\/sventasmiskas.lt\/en\/wp-json\/wp\/v2\/types\/product"}],"wp:featuredmedia":[{"embeddable":true,"href":"https:\/\/sventasmiskas.lt\/en\/wp-json\/wp\/v2\/media\/36226"}],"wp:attachment":[{"href":"https:\/\/sventasmiskas.lt\/en\/wp-json\/wp\/v2\/media?parent=36198"}],"wp:term":[{"taxonomy":"product_brand","embeddable":true,"href":"https:\/\/sventasmiskas.lt\/en\/wp-json\/wp\/v2\/product_brand?post=36198"},{"taxonomy":"product_cat","embeddable":true,"href":"https:\/\/sventasmiskas.lt\/en\/wp-json\/wp\/v2\/product_cat?post=36198"},{"taxonomy":"product_tag","embeddable":true,"href":"https:\/\/sventasmiskas.lt\/en\/wp-json\/wp\/v2\/product_tag?post=36198"}],"curies":[{"name":"wp","href":"https:\/\/api.w.org\/{rel}","templated":true}]}}