{"id":35683,"date":"2025-05-04T15:00:55","date_gmt":"2025-05-04T15:00:55","guid":{"rendered":"https:\/\/sventasmiskas.bool.lt\/parduotuve\/saules-prisilietimas\/"},"modified":"2025-12-30T10:37:28","modified_gmt":"2025-12-30T10:37:28","slug":"saules-prisilietimas","status":"publish","type":"product","link":"https:\/\/sventasmiskas.lt\/en\/parduotuve\/saules-prisilietimas\/","title":{"rendered":"Saul\u0117s prisilietimas"},"content":{"rendered":"<p>\u269c Vienetinis minimalistinio stiliaus rank\u0173 darbo \u017eiedas.\u269c \u017diedas inkrustuotas 3 mm dyd\u017eio rudos spalvos deimantu. Deimanto autenti\u0161kumas patvirtintas prabavimo r\u016bm\u0173 etiket\u0117je, specifikacijos para\u0161ytos paskutin\u0117je nuotraukoje.\u269c Prabuota Latvijos prabavimo r\u016bmuose, aukso praba 585, rausva aukso spalva, \u017eiedas sveria 0,95 g.\u269c Dydis 16,3 \u269c Papuo\u0161alas parduodamas supakuotas medin\u0117je rank\u0173 darbo d\u0117\u017eut\u0117je.<\/p>","protected":false},"excerpt":{"rendered":"<p>\u269c Vienetinis minimalistinio stiliaus rank\u0173 darbo \u017eiedas.\u269c \u017diedas inkrustuotas 3 mm dyd\u017eio rudos spalvos deimantu. Deimanto autenti\u0161kumas patvirtintas prabavimo r\u016bm\u0173<\/p>","protected":false},"featured_media":36985,"template":"","meta":[],"product_brand":[],"product_cat":[221,124],"product_tag":[],"class_list":{"0":"post-35683","1":"product","2":"type-product","3":"status-publish","4":"has-post-thumbnail","6":"product_cat-juvelyrika-is-aukso","7":"product_cat-ziedai","9":"first","10":"outofstock","11":"sale","12":"taxable","13":"shipping-taxable","14":"purchasable","15":"product-type-simple"},"jetpack_sharing_enabled":true,"_links":{"self":[{"href":"https:\/\/sventasmiskas.lt\/en\/wp-json\/wp\/v2\/product\/35683","targetHints":{"allow":["GET"]}}],"collection":[{"href":"https:\/\/sventasmiskas.lt\/en\/wp-json\/wp\/v2\/product"}],"about":[{"href":"https:\/\/sventasmiskas.lt\/en\/wp-json\/wp\/v2\/types\/product"}],"wp:featuredmedia":[{"embeddable":true,"href":"https:\/\/sventasmiskas.lt\/en\/wp-json\/wp\/v2\/media\/36985"}],"wp:attachment":[{"href":"https:\/\/sventasmiskas.lt\/en\/wp-json\/wp\/v2\/media?parent=35683"}],"wp:term":[{"taxonomy":"product_brand","embeddable":true,"href":"https:\/\/sventasmiskas.lt\/en\/wp-json\/wp\/v2\/product_brand?post=35683"},{"taxonomy":"product_cat","embeddable":true,"href":"https:\/\/sventasmiskas.lt\/en\/wp-json\/wp\/v2\/product_cat?post=35683"},{"taxonomy":"product_tag","embeddable":true,"href":"https:\/\/sventasmiskas.lt\/en\/wp-json\/wp\/v2\/product_tag?post=35683"}],"curies":[{"name":"wp","href":"https:\/\/api.w.org\/{rel}","templated":true}]}}