{"id":35676,"date":"2025-05-04T15:00:34","date_gmt":"2025-05-04T15:00:34","guid":{"rendered":"https:\/\/sventasmiskas.bool.lt\/parduotuve\/gamtos-alchemija\/"},"modified":"2025-10-28T19:34:31","modified_gmt":"2025-10-28T19:34:31","slug":"gamtos-alchemija","status":"publish","type":"product","link":"https:\/\/sventasmiskas.lt\/en\/parduotuve\/gamtos-alchemija\/","title":{"rendered":"Natural alchemy"},"content":{"rendered":"<p>\u269c\ufe0e Vienetinis unisex organi\u0161kas sidabro pakabukas su nat\u016braliu ne\u0161lifuotu d\u016bminiu kvarcu ir rudos spalvos opalu.\u269c\ufe0e Sukurta i\u0161 925 ir 999 prabos sidabro.\u269c Papuo\u0161alas parduodamas kartu su odine virvele.\u269c Pakabuko ilgis su pakabinimo detale 3 cm. \u269c\ufe0e Prabuota Lietuvos prabavimo r\u016bmuose, sveria 11,63 g.\u269c Papuo\u0161alas parduodamas supakuotas medin\u0117je rank\u0173 darbo dovan\u0173 d\u0117\u017eut\u0117je.<\/p>","protected":false},"excerpt":{"rendered":"<p>\u269c\ufe0e Vienetinis unisex organi\u0161kas sidabro pakabukas su nat\u016braliu ne\u0161lifuotu d\u016bminiu kvarcu ir rudos spalvos opalu.\u269c\ufe0e Sukurta i\u0161 925 ir 999<\/p>","protected":false},"featured_media":35675,"template":"","meta":[],"product_brand":[],"product_cat":[125],"product_tag":[],"class_list":{"0":"post-35676","1":"product","2":"type-product","3":"status-publish","4":"has-post-thumbnail","6":"product_cat-kaklo-papuosalai","8":"first","9":"outofstock","10":"taxable","11":"shipping-taxable","12":"purchasable","13":"product-type-simple"},"jetpack_sharing_enabled":true,"_links":{"self":[{"href":"https:\/\/sventasmiskas.lt\/en\/wp-json\/wp\/v2\/product\/35676","targetHints":{"allow":["GET"]}}],"collection":[{"href":"https:\/\/sventasmiskas.lt\/en\/wp-json\/wp\/v2\/product"}],"about":[{"href":"https:\/\/sventasmiskas.lt\/en\/wp-json\/wp\/v2\/types\/product"}],"wp:featuredmedia":[{"embeddable":true,"href":"https:\/\/sventasmiskas.lt\/en\/wp-json\/wp\/v2\/media\/35675"}],"wp:attachment":[{"href":"https:\/\/sventasmiskas.lt\/en\/wp-json\/wp\/v2\/media?parent=35676"}],"wp:term":[{"taxonomy":"product_brand","embeddable":true,"href":"https:\/\/sventasmiskas.lt\/en\/wp-json\/wp\/v2\/product_brand?post=35676"},{"taxonomy":"product_cat","embeddable":true,"href":"https:\/\/sventasmiskas.lt\/en\/wp-json\/wp\/v2\/product_cat?post=35676"},{"taxonomy":"product_tag","embeddable":true,"href":"https:\/\/sventasmiskas.lt\/en\/wp-json\/wp\/v2\/product_tag?post=35676"}],"curies":[{"name":"wp","href":"https:\/\/api.w.org\/{rel}","templated":true}]}}