{"id":35667,"date":"2025-05-04T15:00:15","date_gmt":"2025-05-04T15:00:15","guid":{"rendered":"https:\/\/sventasmiskas.bool.lt\/parduotuve\/sirdutes\/"},"modified":"2025-11-06T11:44:48","modified_gmt":"2025-11-06T11:44:48","slug":"sirdutes","status":"publish","type":"product","link":"https:\/\/sventasmiskas.lt\/en\/parduotuve\/sirdutes\/","title":{"rendered":"Hearts"},"content":{"rendered":"<p>\u269c\ufe0e Tinkami ne\u0161ioti kasdien, nedideli (auskaro ilgis 10 mm).<\/p>\n<p>\u269c\ufe0e Auskarai bei j\u0173 u\u017esegimai sukurti i\u0161 925 prabos sidabro.<\/p>\n<p>\u269c Prabuota Latvijos prabavimo r\u016bmuose, sveria 2,09 g.<\/p>\n<p>\u269c Papuo\u0161alas parduodamas supakuotas dovan\u0173 pakuot\u0117je.<\/p>","protected":false},"excerpt":{"rendered":"<p>\u269c\ufe0e Tinkami ne\u0161ioti kasdien, nedideli (auskaro ilgis 10 mm). \u269c\ufe0e Auskarai bei j\u0173 u\u017esegimai sukurti i\u0161 925 prabos sidabro. \u269c<\/p>","protected":false},"featured_media":35666,"template":"","meta":[],"product_brand":[],"product_cat":[123],"product_tag":[],"class_list":{"0":"post-35667","1":"product","2":"type-product","3":"status-publish","4":"has-post-thumbnail","6":"product_cat-auskarai","8":"first","9":"instock","10":"taxable","11":"shipping-taxable","12":"purchasable","13":"product-type-simple"},"jetpack_sharing_enabled":true,"_links":{"self":[{"href":"https:\/\/sventasmiskas.lt\/en\/wp-json\/wp\/v2\/product\/35667","targetHints":{"allow":["GET"]}}],"collection":[{"href":"https:\/\/sventasmiskas.lt\/en\/wp-json\/wp\/v2\/product"}],"about":[{"href":"https:\/\/sventasmiskas.lt\/en\/wp-json\/wp\/v2\/types\/product"}],"wp:featuredmedia":[{"embeddable":true,"href":"https:\/\/sventasmiskas.lt\/en\/wp-json\/wp\/v2\/media\/35666"}],"wp:attachment":[{"href":"https:\/\/sventasmiskas.lt\/en\/wp-json\/wp\/v2\/media?parent=35667"}],"wp:term":[{"taxonomy":"product_brand","embeddable":true,"href":"https:\/\/sventasmiskas.lt\/en\/wp-json\/wp\/v2\/product_brand?post=35667"},{"taxonomy":"product_cat","embeddable":true,"href":"https:\/\/sventasmiskas.lt\/en\/wp-json\/wp\/v2\/product_cat?post=35667"},{"taxonomy":"product_tag","embeddable":true,"href":"https:\/\/sventasmiskas.lt\/en\/wp-json\/wp\/v2\/product_tag?post=35667"}],"curies":[{"name":"wp","href":"https:\/\/api.w.org\/{rel}","templated":true}]}}