{"id":35655,"date":"2025-05-04T14:59:42","date_gmt":"2025-05-04T14:59:42","guid":{"rendered":"https:\/\/sventasmiskas.bool.lt\/parduotuve\/nedideli-tsavoritu-auskarai\/"},"modified":"2025-10-28T19:34:31","modified_gmt":"2025-10-28T19:34:31","slug":"nedideli-tsavoritu-auskarai","status":"publish","type":"product","link":"https:\/\/sventasmiskas.lt\/en\/parduotuve\/nedideli-tsavoritu-auskarai\/","title":{"rendered":"Nedideli tsavorit\u0173 auskarai"},"content":{"rendered":"<p>\u269c\ufe0e Auskarai inkrustuoti \u017ealiais granatais &#8211; tsavorito akmenimis.<\/p>\n<p>\u269c\ufe0e Tinkami ne\u0161ioti kasdien, nedideli.<\/p>\n<p>\u269c\ufe0e Sidabras specialiai paveiktas, taip i\u0161gaunant tamsesnius sidabro atspalvius.<\/p>\n<p>\u269c\ufe0e Auskarai bei j\u0173 u\u017esegimai sukurti i\u0161 925 prabos sidabro, sveria 1,29 g.<\/p>\n<p>\u269c Prabuota Lietuvos prabavimo r\u016bmuose.<\/p>\n<p>\u269c Papuo\u0161alas supakuotas dovan\u0173 mai\u0161elyje.<\/p>","protected":false},"excerpt":{"rendered":"<p>\u269c\ufe0e Auskarai inkrustuoti \u017ealiais granatais &#8211; tsavorito akmenimis. \u269c\ufe0e Tinkami ne\u0161ioti kasdien, nedideli. \u269c\ufe0e Sidabras specialiai paveiktas, taip i\u0161gaunant tamsesnius<\/p>","protected":false},"featured_media":35654,"template":"","meta":[],"product_brand":[],"product_cat":[123],"product_tag":[],"class_list":{"0":"post-35655","1":"product","2":"type-product","3":"status-publish","4":"has-post-thumbnail","6":"product_cat-auskarai","8":"first","9":"instock","10":"taxable","11":"shipping-taxable","12":"purchasable","13":"product-type-simple"},"jetpack_sharing_enabled":true,"_links":{"self":[{"href":"https:\/\/sventasmiskas.lt\/en\/wp-json\/wp\/v2\/product\/35655","targetHints":{"allow":["GET"]}}],"collection":[{"href":"https:\/\/sventasmiskas.lt\/en\/wp-json\/wp\/v2\/product"}],"about":[{"href":"https:\/\/sventasmiskas.lt\/en\/wp-json\/wp\/v2\/types\/product"}],"wp:featuredmedia":[{"embeddable":true,"href":"https:\/\/sventasmiskas.lt\/en\/wp-json\/wp\/v2\/media\/35654"}],"wp:attachment":[{"href":"https:\/\/sventasmiskas.lt\/en\/wp-json\/wp\/v2\/media?parent=35655"}],"wp:term":[{"taxonomy":"product_brand","embeddable":true,"href":"https:\/\/sventasmiskas.lt\/en\/wp-json\/wp\/v2\/product_brand?post=35655"},{"taxonomy":"product_cat","embeddable":true,"href":"https:\/\/sventasmiskas.lt\/en\/wp-json\/wp\/v2\/product_cat?post=35655"},{"taxonomy":"product_tag","embeddable":true,"href":"https:\/\/sventasmiskas.lt\/en\/wp-json\/wp\/v2\/product_tag?post=35655"}],"curies":[{"name":"wp","href":"https:\/\/api.w.org\/{rel}","templated":true}]}}