{"id":35614,"date":"2025-05-04T14:45:19","date_gmt":"2025-05-04T14:45:19","guid":{"rendered":"https:\/\/sventasmiskas.bool.lt\/?post_type=product&#038;p=35614"},"modified":"2025-10-28T19:34:40","modified_gmt":"2025-10-28T19:34:40","slug":"auskarai-sukuriai","status":"publish","type":"product","link":"https:\/\/sventasmiskas.lt\/en\/parduotuve\/auskarai-sukuriai\/","title":{"rendered":"Swirl earrings"},"content":{"rendered":"<p>\u269c\ufe0e Visos auskar\u0173 poros unikalios, vienetin\u0117s. Galima rinktis i\u0161 skirting\u0173 variant\u0173. \u269c\ufe0e Tinkami ne\u0161ioti kasdien, nedideli (ilgis nuo 16 mm trumpiausi\u0173 iki 25 mm ilgiausi\u0173). \u269c\ufe0e Sidabras specialiai paveiktas, taip i\u0161gaunant tamsesnius sidabro atspalvius.\u269c\ufe0e Auskarai bei j\u0173 u\u017esegimai sukurti i\u0161 925 prabos sidabro.\u269c Prabuota Lietuvos prabavimo r\u016bmuose.\u269c Papuo\u0161alas supakuotas dovan\u0173 mai\u0161elyje.<\/p>","protected":false},"excerpt":{"rendered":"<p>\u269c\ufe0e Visos auskar\u0173 poros unikalios, vienetin\u0117s. Galima rinktis i\u0161 skirting\u0173 variant\u0173. \u269c\ufe0e Tinkami ne\u0161ioti kasdien, nedideli (ilgis nuo 16 mm<\/p>","protected":false},"featured_media":35693,"template":"","meta":[],"product_brand":[],"product_cat":[123],"product_tag":[],"class_list":{"0":"post-35614","1":"product","2":"type-product","3":"status-publish","4":"has-post-thumbnail","6":"product_cat-auskarai","8":"first","9":"instock","10":"taxable","11":"shipping-taxable","12":"purchasable","13":"product-type-variable"},"jetpack_sharing_enabled":true,"_links":{"self":[{"href":"https:\/\/sventasmiskas.lt\/en\/wp-json\/wp\/v2\/product\/35614","targetHints":{"allow":["GET"]}}],"collection":[{"href":"https:\/\/sventasmiskas.lt\/en\/wp-json\/wp\/v2\/product"}],"about":[{"href":"https:\/\/sventasmiskas.lt\/en\/wp-json\/wp\/v2\/types\/product"}],"wp:featuredmedia":[{"embeddable":true,"href":"https:\/\/sventasmiskas.lt\/en\/wp-json\/wp\/v2\/media\/35693"}],"wp:attachment":[{"href":"https:\/\/sventasmiskas.lt\/en\/wp-json\/wp\/v2\/media?parent=35614"}],"wp:term":[{"taxonomy":"product_brand","embeddable":true,"href":"https:\/\/sventasmiskas.lt\/en\/wp-json\/wp\/v2\/product_brand?post=35614"},{"taxonomy":"product_cat","embeddable":true,"href":"https:\/\/sventasmiskas.lt\/en\/wp-json\/wp\/v2\/product_cat?post=35614"},{"taxonomy":"product_tag","embeddable":true,"href":"https:\/\/sventasmiskas.lt\/en\/wp-json\/wp\/v2\/product_tag?post=35614"}],"curies":[{"name":"wp","href":"https:\/\/api.w.org\/{rel}","templated":true}]}}