{"id":35613,"date":"2025-05-04T14:45:19","date_gmt":"2025-05-04T14:45:19","guid":{"rendered":"https:\/\/sventasmiskas.bool.lt\/?post_type=product&#038;p=35613"},"modified":"2025-11-06T11:56:09","modified_gmt":"2025-11-06T11:56:09","slug":"ametisto-ziedas-2","status":"publish","type":"product","link":"https:\/\/sventasmiskas.lt\/en\/parduotuve\/ametisto-ziedas-2\/","title":{"rendered":"Amethyst ring"},"content":{"rendered":"<p>\u269c Smulkus sidabro \u017eiedas su nat\u016braliu ametisto akmeniu.\u269c \u0160io minimalistinio \u017eiedo dizainas primena spygliuo\u010dio augalo \u0161akel\u0119.\u269c Esant poreikiui \u017eiedas gali b\u016bti \u0161iek tiek didinamas.\u269c Prabuota Lietuvos prabavimo r\u016bmuose, sidabro praba 925, sveria 1,65 g.\u269c Papuo\u0161alas atkeliauja supakuotas dovan\u0173 d\u0117\u017eut\u0117je.<\/p>","protected":false},"excerpt":{"rendered":"<p>\u269c Smulkus sidabro \u017eiedas su nat\u016braliu ametisto akmeniu.\u269c \u0160io minimalistinio \u017eiedo dizainas primena spygliuo\u010dio augalo \u0161akel\u0119.\u269c Esant poreikiui \u017eiedas gali<\/p>","protected":false},"featured_media":35690,"template":"","meta":[],"product_brand":[],"product_cat":[124],"product_tag":[],"class_list":{"0":"post-35613","1":"product","2":"type-product","3":"status-publish","4":"has-post-thumbnail","6":"product_cat-ziedai","8":"first","9":"instock","10":"taxable","11":"shipping-taxable","12":"purchasable","13":"product-type-variable"},"jetpack_sharing_enabled":true,"_links":{"self":[{"href":"https:\/\/sventasmiskas.lt\/en\/wp-json\/wp\/v2\/product\/35613","targetHints":{"allow":["GET"]}}],"collection":[{"href":"https:\/\/sventasmiskas.lt\/en\/wp-json\/wp\/v2\/product"}],"about":[{"href":"https:\/\/sventasmiskas.lt\/en\/wp-json\/wp\/v2\/types\/product"}],"wp:featuredmedia":[{"embeddable":true,"href":"https:\/\/sventasmiskas.lt\/en\/wp-json\/wp\/v2\/media\/35690"}],"wp:attachment":[{"href":"https:\/\/sventasmiskas.lt\/en\/wp-json\/wp\/v2\/media?parent=35613"}],"wp:term":[{"taxonomy":"product_brand","embeddable":true,"href":"https:\/\/sventasmiskas.lt\/en\/wp-json\/wp\/v2\/product_brand?post=35613"},{"taxonomy":"product_cat","embeddable":true,"href":"https:\/\/sventasmiskas.lt\/en\/wp-json\/wp\/v2\/product_cat?post=35613"},{"taxonomy":"product_tag","embeddable":true,"href":"https:\/\/sventasmiskas.lt\/en\/wp-json\/wp\/v2\/product_tag?post=35613"}],"curies":[{"name":"wp","href":"https:\/\/api.w.org\/{rel}","templated":true}]}}