{"id":35595,"date":"2025-05-04T14:36:27","date_gmt":"2025-05-04T14:36:27","guid":{"rendered":"https:\/\/sventasmiskas.bool.lt\/parduotuve\/nakties-sviesa\/"},"modified":"2025-12-05T13:42:24","modified_gmt":"2025-12-05T13:42:24","slug":"nakties-sviesa","status":"publish","type":"product","link":"https:\/\/sventasmiskas.lt\/en\/parduotuve\/nakties-sviesa\/","title":{"rendered":"Nakties \u0161viesa"},"content":{"rendered":"<p>\u269c Juodinto titano \u017eiedas su organi\u0161komis tekst\u016bromis ir deimantu.\u269c Titanas itin lengvas, tvirtas, hipoalerginis metalas.\u269c \u017diedo vidus i\u0161 geltono 585 prabos aukso, \u017eiedo svoris 2,67 g, prabuota Latvijos prabavimo r\u016bmuose. Brangakmenio charakteristikos \u012fra\u0161ytos prabavimo r\u016bm\u0173 sertifikato etiket\u0117je paskutin\u0117je nuotraukoje. \u269c \u017diedas ilgai i\u0161laiko savo juod\u0105 spalv\u0105, nesibrai\u017eo.\u269c \u017diedo dydis 18,3. Plotis 3,5 &#8211; 4 mm.\u269c Papuo\u0161alas parduodamas supakuotas medin\u0117je rank\u0173 darbo dovan\u0173 d\u0117\u017eut\u0117je.<\/p>","protected":false},"excerpt":{"rendered":"<p>\u269c Juodinto titano \u017eiedas su organi\u0161komis tekst\u016bromis ir deimantu.\u269c Titanas itin lengvas, tvirtas, hipoalerginis metalas.\u269c \u017diedo vidus i\u0161 geltono 585<\/p>","protected":false},"featured_media":36986,"template":"","meta":[],"product_brand":[],"product_cat":[221,124],"product_tag":[],"class_list":{"0":"post-35595","1":"product","2":"type-product","3":"status-publish","4":"has-post-thumbnail","6":"product_cat-juvelyrika-is-aukso","7":"product_cat-ziedai","9":"first","10":"instock","11":"taxable","12":"shipping-taxable","13":"purchasable","14":"product-type-simple"},"jetpack_sharing_enabled":true,"_links":{"self":[{"href":"https:\/\/sventasmiskas.lt\/en\/wp-json\/wp\/v2\/product\/35595","targetHints":{"allow":["GET"]}}],"collection":[{"href":"https:\/\/sventasmiskas.lt\/en\/wp-json\/wp\/v2\/product"}],"about":[{"href":"https:\/\/sventasmiskas.lt\/en\/wp-json\/wp\/v2\/types\/product"}],"wp:featuredmedia":[{"embeddable":true,"href":"https:\/\/sventasmiskas.lt\/en\/wp-json\/wp\/v2\/media\/36986"}],"wp:attachment":[{"href":"https:\/\/sventasmiskas.lt\/en\/wp-json\/wp\/v2\/media?parent=35595"}],"wp:term":[{"taxonomy":"product_brand","embeddable":true,"href":"https:\/\/sventasmiskas.lt\/en\/wp-json\/wp\/v2\/product_brand?post=35595"},{"taxonomy":"product_cat","embeddable":true,"href":"https:\/\/sventasmiskas.lt\/en\/wp-json\/wp\/v2\/product_cat?post=35595"},{"taxonomy":"product_tag","embeddable":true,"href":"https:\/\/sventasmiskas.lt\/en\/wp-json\/wp\/v2\/product_tag?post=35595"}],"curies":[{"name":"wp","href":"https:\/\/api.w.org\/{rel}","templated":true}]}}