{"id":35585,"date":"2025-05-04T14:35:48","date_gmt":"2025-05-04T14:35:48","guid":{"rendered":"https:\/\/sventasmiskas.bool.lt\/parduotuve\/gintaru-ziedas\/"},"modified":"2025-10-28T19:34:32","modified_gmt":"2025-10-28T19:34:32","slug":"gintaru-ziedas","status":"publish","type":"product","link":"https:\/\/sventasmiskas.lt\/en\/parduotuve\/gintaru-ziedas\/","title":{"rendered":"Gintar\u0173 \u017eiedas"},"content":{"rendered":"<p>\u269c\ufe0e Vienetinis sidabro \u017eiedas su smulkiais, nat\u016braliais, neapdirbtais gintarais.\u269c\ufe0e Sukurta i\u0161 925 ir 999 prabos sidabro, sveria 2,54 g.\u269c\ufe0e \u017diedo dydis 17,5 ( esant poreikiui gali b\u016bti \u0161iek tiek didinamas).\u269c\ufe0e Prabuota Latvijos prabavimo r\u016bmuose.\u269c Papuo\u0161alas atkeliauja supakuotas medin\u0117je rank\u0173 darbo dovan\u0173 d\u0117\u017eut\u0117je.<\/p>","protected":false},"excerpt":{"rendered":"<p>\u269c\ufe0e Vienetinis sidabro \u017eiedas su smulkiais, nat\u016braliais, neapdirbtais gintarais.\u269c\ufe0e Sukurta i\u0161 925 ir 999 prabos sidabro, sveria 2,54 g.\u269c\ufe0e \u017diedo<\/p>","protected":false},"featured_media":35584,"template":"","meta":[],"product_brand":[],"product_cat":[124],"product_tag":[],"class_list":{"0":"post-35585","1":"product","2":"type-product","3":"status-publish","4":"has-post-thumbnail","6":"product_cat-ziedai","8":"first","9":"outofstock","10":"taxable","11":"shipping-taxable","12":"purchasable","13":"product-type-simple"},"jetpack_sharing_enabled":true,"_links":{"self":[{"href":"https:\/\/sventasmiskas.lt\/en\/wp-json\/wp\/v2\/product\/35585","targetHints":{"allow":["GET"]}}],"collection":[{"href":"https:\/\/sventasmiskas.lt\/en\/wp-json\/wp\/v2\/product"}],"about":[{"href":"https:\/\/sventasmiskas.lt\/en\/wp-json\/wp\/v2\/types\/product"}],"wp:featuredmedia":[{"embeddable":true,"href":"https:\/\/sventasmiskas.lt\/en\/wp-json\/wp\/v2\/media\/35584"}],"wp:attachment":[{"href":"https:\/\/sventasmiskas.lt\/en\/wp-json\/wp\/v2\/media?parent=35585"}],"wp:term":[{"taxonomy":"product_brand","embeddable":true,"href":"https:\/\/sventasmiskas.lt\/en\/wp-json\/wp\/v2\/product_brand?post=35585"},{"taxonomy":"product_cat","embeddable":true,"href":"https:\/\/sventasmiskas.lt\/en\/wp-json\/wp\/v2\/product_cat?post=35585"},{"taxonomy":"product_tag","embeddable":true,"href":"https:\/\/sventasmiskas.lt\/en\/wp-json\/wp\/v2\/product_tag?post=35585"}],"curies":[{"name":"wp","href":"https:\/\/api.w.org\/{rel}","templated":true}]}}