{"id":35571,"date":"2025-05-04T14:34:37","date_gmt":"2025-05-04T14:34:37","guid":{"rendered":"https:\/\/sventasmiskas.bool.lt\/parduotuve\/botaninis-ziedas-su-safyru\/"},"modified":"2025-10-28T19:34:32","modified_gmt":"2025-10-28T19:34:32","slug":"botaninis-ziedas-su-safyru","status":"publish","type":"product","link":"https:\/\/sventasmiskas.lt\/en\/parduotuve\/botaninis-ziedas-su-safyru\/","title":{"rendered":"Botanical ring with sapphire"},"content":{"rendered":"<p>\u269c Vienetinis rank\u0173 darbo \u017eiedas.\u269c \u017diedas inkrustuotas tamsiai m\u0117lynos- \u017ealios spalvos safyru. Brangakmenio  autenti\u0161kumas patvirtintas prabavimo r\u016bm\u0173 etiket\u0117je, specifikacijos para\u0161ytos paskutin\u0117je nuotraukoje.\u269c Prabuota Latvijos prabavimo r\u016bmuose, sidabro praba 925, sveria 2,45 g.\u269c Dydis 18,2 (esant poreikiui gali b\u016bti \u0161iek tiek didinamas ar ma\u017einamas).\u269c Papuo\u0161alas parduodamas supakuotas medin\u0117je rank\u0173 darbo d\u0117\u017eut\u0117je.<\/p>","protected":false},"excerpt":{"rendered":"<p>\u269c Vienetinis rank\u0173 darbo \u017eiedas.\u269c \u017diedas inkrustuotas tamsiai m\u0117lynos- \u017ealios spalvos safyru. Brangakmenio autenti\u0161kumas patvirtintas prabavimo r\u016bm\u0173 etiket\u0117je, specifikacijos para\u0161ytos<\/p>","protected":false},"featured_media":35570,"template":"","meta":[],"product_brand":[],"product_cat":[124],"product_tag":[],"class_list":{"0":"post-35571","1":"product","2":"type-product","3":"status-publish","4":"has-post-thumbnail","6":"product_cat-ziedai","8":"first","9":"outofstock","10":"taxable","11":"shipping-taxable","12":"purchasable","13":"product-type-simple"},"jetpack_sharing_enabled":true,"_links":{"self":[{"href":"https:\/\/sventasmiskas.lt\/en\/wp-json\/wp\/v2\/product\/35571","targetHints":{"allow":["GET"]}}],"collection":[{"href":"https:\/\/sventasmiskas.lt\/en\/wp-json\/wp\/v2\/product"}],"about":[{"href":"https:\/\/sventasmiskas.lt\/en\/wp-json\/wp\/v2\/types\/product"}],"wp:featuredmedia":[{"embeddable":true,"href":"https:\/\/sventasmiskas.lt\/en\/wp-json\/wp\/v2\/media\/35570"}],"wp:attachment":[{"href":"https:\/\/sventasmiskas.lt\/en\/wp-json\/wp\/v2\/media?parent=35571"}],"wp:term":[{"taxonomy":"product_brand","embeddable":true,"href":"https:\/\/sventasmiskas.lt\/en\/wp-json\/wp\/v2\/product_brand?post=35571"},{"taxonomy":"product_cat","embeddable":true,"href":"https:\/\/sventasmiskas.lt\/en\/wp-json\/wp\/v2\/product_cat?post=35571"},{"taxonomy":"product_tag","embeddable":true,"href":"https:\/\/sventasmiskas.lt\/en\/wp-json\/wp\/v2\/product_tag?post=35571"}],"curies":[{"name":"wp","href":"https:\/\/api.w.org\/{rel}","templated":true}]}}