{"id":35553,"date":"2025-05-04T14:33:33","date_gmt":"2025-05-04T14:33:33","guid":{"rendered":"https:\/\/sventasmiskas.bool.lt\/parduotuve\/sviesos-takas\/"},"modified":"2025-10-28T19:34:32","modified_gmt":"2025-10-28T19:34:32","slug":"sviesos-takas","status":"publish","type":"product","link":"https:\/\/sventasmiskas.lt\/en\/parduotuve\/sviesos-takas\/","title":{"rendered":"Light path"},"content":{"rendered":"<p>\u269c\ufe0e I\u0161skirtinio dizaino vienetinis titano ir mokume-gane technikos \u017eiedas.\u269c\ufe0e \u017diedo dydis 17,2 ir plotis 6,5 mm\u269c Papuo\u0161alas parduodamas supakuotas medin\u0117je rank\u0173 darbo dovan\u0173 d\u0117\u017eut\u0117je.<\/p>","protected":false},"excerpt":{"rendered":"<p>\u269c\ufe0e I\u0161skirtinio dizaino vienetinis titano ir mokume-gane technikos \u017eiedas.\u269c\ufe0e \u017diedo dydis 17,2 ir plotis 6,5 mm\u269c Papuo\u0161alas parduodamas supakuotas medin\u0117je<\/p>","protected":false},"featured_media":35552,"template":"","meta":[],"product_brand":[],"product_cat":[124],"product_tag":[],"class_list":{"0":"post-35553","1":"product","2":"type-product","3":"status-publish","4":"has-post-thumbnail","6":"product_cat-ziedai","8":"first","9":"instock","10":"taxable","11":"shipping-taxable","12":"purchasable","13":"product-type-simple"},"jetpack_sharing_enabled":true,"_links":{"self":[{"href":"https:\/\/sventasmiskas.lt\/en\/wp-json\/wp\/v2\/product\/35553","targetHints":{"allow":["GET"]}}],"collection":[{"href":"https:\/\/sventasmiskas.lt\/en\/wp-json\/wp\/v2\/product"}],"about":[{"href":"https:\/\/sventasmiskas.lt\/en\/wp-json\/wp\/v2\/types\/product"}],"wp:featuredmedia":[{"embeddable":true,"href":"https:\/\/sventasmiskas.lt\/en\/wp-json\/wp\/v2\/media\/35552"}],"wp:attachment":[{"href":"https:\/\/sventasmiskas.lt\/en\/wp-json\/wp\/v2\/media?parent=35553"}],"wp:term":[{"taxonomy":"product_brand","embeddable":true,"href":"https:\/\/sventasmiskas.lt\/en\/wp-json\/wp\/v2\/product_brand?post=35553"},{"taxonomy":"product_cat","embeddable":true,"href":"https:\/\/sventasmiskas.lt\/en\/wp-json\/wp\/v2\/product_cat?post=35553"},{"taxonomy":"product_tag","embeddable":true,"href":"https:\/\/sventasmiskas.lt\/en\/wp-json\/wp\/v2\/product_tag?post=35553"}],"curies":[{"name":"wp","href":"https:\/\/api.w.org\/{rel}","templated":true}]}}