{"id":35549,"date":"2025-05-04T14:33:17","date_gmt":"2025-05-04T14:33:17","guid":{"rendered":"https:\/\/sventasmiskas.bool.lt\/parduotuve\/sidabriniai-gvazdikai\/"},"modified":"2025-10-28T19:34:32","modified_gmt":"2025-10-28T19:34:32","slug":"sidabriniai-gvazdikai","status":"publish","type":"product","link":"https:\/\/sventasmiskas.lt\/en\/parduotuve\/sidabriniai-gvazdikai\/","title":{"rendered":"Silver carnations"},"content":{"rendered":"<p>\u269c\ufe0e Perfect for everyday wear, small - the length of the earring is about 7 mm.\u269c\ufe0e The earrings resemble reduced real carnations.\u269c\ufe0e The earrings and their clasps are made of 925 sterling silver, the weight of the earrings is 1.73 g.\u269c\ufe0e Assayed at the Lithuanian Assay House.\u269c\ufe0e The jewelry is sold in a gift box - perfect for a gift.<\/p>","protected":false},"excerpt":{"rendered":"<p>\u269c\ufe0e Puikiai tinka kasdieniam ne\u0161iojimui, nedideli \u2013 auskaro ilgis apie 7 mm.\u269c\ufe0e Auskarai primena suma\u017eintus tikrus gvazdik\u0173 \u017eiedus.\u269c\ufe0e Auskarai ir<\/p>","protected":false},"featured_media":35548,"template":"","meta":[],"product_brand":[],"product_cat":[123],"product_tag":[],"class_list":{"0":"post-35549","1":"product","2":"type-product","3":"status-publish","4":"has-post-thumbnail","6":"product_cat-auskarai","8":"first","9":"outofstock","10":"taxable","11":"shipping-taxable","12":"purchasable","13":"product-type-simple"},"jetpack_sharing_enabled":true,"_links":{"self":[{"href":"https:\/\/sventasmiskas.lt\/en\/wp-json\/wp\/v2\/product\/35549","targetHints":{"allow":["GET"]}}],"collection":[{"href":"https:\/\/sventasmiskas.lt\/en\/wp-json\/wp\/v2\/product"}],"about":[{"href":"https:\/\/sventasmiskas.lt\/en\/wp-json\/wp\/v2\/types\/product"}],"wp:featuredmedia":[{"embeddable":true,"href":"https:\/\/sventasmiskas.lt\/en\/wp-json\/wp\/v2\/media\/35548"}],"wp:attachment":[{"href":"https:\/\/sventasmiskas.lt\/en\/wp-json\/wp\/v2\/media?parent=35549"}],"wp:term":[{"taxonomy":"product_brand","embeddable":true,"href":"https:\/\/sventasmiskas.lt\/en\/wp-json\/wp\/v2\/product_brand?post=35549"},{"taxonomy":"product_cat","embeddable":true,"href":"https:\/\/sventasmiskas.lt\/en\/wp-json\/wp\/v2\/product_cat?post=35549"},{"taxonomy":"product_tag","embeddable":true,"href":"https:\/\/sventasmiskas.lt\/en\/wp-json\/wp\/v2\/product_tag?post=35549"}],"curies":[{"name":"wp","href":"https:\/\/api.w.org\/{rel}","templated":true}]}}