{"id":35515,"date":"2025-05-04T14:31:08","date_gmt":"2025-05-04T14:31:08","guid":{"rendered":"https:\/\/sventasmiskas.bool.lt\/parduotuve\/tigro-akies-auskarai\/"},"modified":"2025-10-28T19:34:32","modified_gmt":"2025-10-28T19:34:32","slug":"tigro-akies-auskarai","status":"publish","type":"product","link":"https:\/\/sventasmiskas.lt\/en\/parduotuve\/tigro-akies-auskarai\/","title":{"rendered":"Tigro akies auskarai"},"content":{"rendered":"<p>\u269c\ufe0e Sidabriniai minimalistiniai auskarai su nat\u016braliais tigro akies akmenimis\u269c\ufe0e Auskarai bei j\u0173 u\u017esegimai sukurti i\u0161 925 prabos sidabro ir \u0161iek tiek auksuoti (auksavimo storis 0,88 mikronai)\u269c\ufe0e Auskar\u0173 poros svoris 1,3 g. Auskarai lengvi, tod\u0117l itin patog\u016bs kasdieniniam ne\u0161iojimui\u269c\ufe0e Auskar\u0173 diametras apie 0,7 cm<\/p>","protected":false},"excerpt":{"rendered":"<p>\u269c\ufe0e Sidabriniai minimalistiniai auskarai su nat\u016braliais tigro akies akmenimis\u269c\ufe0e Auskarai bei j\u0173 u\u017esegimai sukurti i\u0161 925 prabos sidabro ir \u0161iek<\/p>","protected":false},"featured_media":35514,"template":"","meta":[],"product_brand":[],"product_cat":[123],"product_tag":[],"class_list":{"0":"post-35515","1":"product","2":"type-product","3":"status-publish","4":"has-post-thumbnail","6":"product_cat-auskarai","8":"first","9":"outofstock","10":"taxable","11":"shipping-taxable","12":"purchasable","13":"product-type-simple"},"jetpack_sharing_enabled":true,"_links":{"self":[{"href":"https:\/\/sventasmiskas.lt\/en\/wp-json\/wp\/v2\/product\/35515","targetHints":{"allow":["GET"]}}],"collection":[{"href":"https:\/\/sventasmiskas.lt\/en\/wp-json\/wp\/v2\/product"}],"about":[{"href":"https:\/\/sventasmiskas.lt\/en\/wp-json\/wp\/v2\/types\/product"}],"wp:featuredmedia":[{"embeddable":true,"href":"https:\/\/sventasmiskas.lt\/en\/wp-json\/wp\/v2\/media\/35514"}],"wp:attachment":[{"href":"https:\/\/sventasmiskas.lt\/en\/wp-json\/wp\/v2\/media?parent=35515"}],"wp:term":[{"taxonomy":"product_brand","embeddable":true,"href":"https:\/\/sventasmiskas.lt\/en\/wp-json\/wp\/v2\/product_brand?post=35515"},{"taxonomy":"product_cat","embeddable":true,"href":"https:\/\/sventasmiskas.lt\/en\/wp-json\/wp\/v2\/product_cat?post=35515"},{"taxonomy":"product_tag","embeddable":true,"href":"https:\/\/sventasmiskas.lt\/en\/wp-json\/wp\/v2\/product_tag?post=35515"}],"curies":[{"name":"wp","href":"https:\/\/api.w.org\/{rel}","templated":true}]}}